{"id":547,"date":"2016-12-02T13:17:17","date_gmt":"2016-12-02T13:17:17","guid":{"rendered":"https:\/\/comopolis.be\/?page_id=547"},"modified":"2026-01-31T13:31:42","modified_gmt":"2026-01-31T12:31:42","slug":"termes-et-conditions-generales","status":"publish","type":"page","link":"https:\/\/comopolis.be\/fr\/termes-et-conditions-generales\/","title":{"rendered":"Termes et conditions g\u00e9n\u00e9rales"},"content":{"rendered":"<div class=\"wpb-content-wrapper\"><p>[vc_row][vc_column][vc_column_text css=\u00a0\u00bb\u00a0\u00bb]<\/p>\n<h1 style=\"text-align: center;\"><span style=\"color: #00aecd;\">Termes et conditions g\u00e9n\u00e9rales<\/span><\/h1>\n<p>[\/vc_column_text][\/vc_column][\/vc_row][vc_section][vc_row el_class=\u00a0\u00bbcontainer\u00a0\u00bb][vc_column][vc_column_text css=\u00a0\u00bb.vc_custom_1769591253357{margin-bottom: 25px !important;}\u00a0\u00bb]T\u00e9l\u00e9chargez ici les conditions g\u00e9n\u00e9rales et les fonds (PDF)[\/vc_column_text][vc_column_text css=\u00a0\u00bb.vc_custom_1769589396482{margin-bottom: 50px !important;}\u00a0\u00bb]<\/p>\n<h3>BALOISE<\/h3>\n<ul>\n<li><a href=\"https:\/\/comopolis.be\/wp-content\/uploads\/2026\/01\/EID-fiche-Save-Plan-FR.pdf\" target=\"_blank\" rel=\"noopener\">EID Fiche Save Plan<\/a><\/li>\n<li><a href=\"https:\/\/comopolis.be\/wp-content\/uploads\/2026\/01\/PRIPPS-fiche-JPMorgan-FR.pdf\" target=\"_blank\" rel=\"noopener\">JPM Global Focus Fund<\/a><\/li>\n<li><a href=\"https:\/\/comopolis.be\/wp-content\/uploads\/2026\/01\/PRIPPS-fiche-Rco-Valor-FR.pdf\" target=\"_blank\" rel=\"noopener\">R-Valor Fund<\/a><\/li>\n<li><a href=\"https:\/\/comopolis.be\/wp-content\/uploads\/2026\/01\/B4471.LEV_.01.24-FIF-Save-Plan-FR.pdf\" target=\"_blank\" rel=\"noopener\">Save Plan<\/a><\/li>\n<\/ul>\n<p>[\/vc_column_text][vc_column_text css=\u00a0\u00bb.vc_custom_1769862698101{margin-bottom: 50px !important;}\u00a0\u00bb]<\/p>\n<h3>DELA<\/h3>\n<ul>\n<li><a href=\"https:\/\/comopolis.be\/wp-content\/uploads\/2026\/01\/AlV-Conditions-Generales-DELA-01042020.pdf\" target=\"_blank\" rel=\"noopener\">Conditions G\u00e9n\u00e9rales (version 01.04.2020 v9)<\/a><\/li>\n<li><a href=\"https:\/\/comopolis.be\/wp-content\/uploads\/2026\/01\/DELA-Info-Fiche-UZP-PPO-20200101-FR.pdf\" target=\"_blank\" rel=\"noopener\">Fiche informative<\/a><\/li>\n<\/ul>\n<p>[\/vc_column_text][vc_column_text css=\u00a0\u00bb.vc_custom_1769593768174{margin-bottom: 50px !important;}\u00a0\u00bb]<\/p>\n<h3>DKV<\/h3>\n<h5 style=\"padding-left: 40px;\">Daily<\/h5>\n<ul>\n<li style=\"list-style-type: none;\">\n<ul>\n<li><strong>Comfort<\/strong>\n<ul>\n<li><a href=\"https:\/\/comopolis.be\/wp-content\/uploads\/2026\/01\/ambulant-comfort-CG-FR.pdf\" target=\"_blank\" rel=\"noopener\">Conditions G\u00e9n\u00e9rales d\u2019Assurance<\/a><\/li>\n<li><a href=\"https:\/\/comopolis.be\/wp-content\/uploads\/2026\/01\/ambulant-comfort-IPIT-FR.pdf\" target=\"_blank\" rel=\"noopener\">Assurance soins de sant\u00e9 ambulatoires<\/a><\/li>\n<\/ul>\n<\/li>\n<li><strong>Essential<\/strong>\n<ul>\n<li><a href=\"https:\/\/comopolis.be\/wp-content\/uploads\/2026\/01\/ambulant-essential-CG-FR.pdf\" target=\"_blank\" rel=\"noopener\">Conditions G\u00e9n\u00e9rales d\u2019Assurance<\/a><\/li>\n<li><a href=\"https:\/\/comopolis.be\/wp-content\/uploads\/2026\/01\/ambulant-essential-IPID-FR.pdf\" target=\"_blank\" rel=\"noopener\">Assurance soins de sant\u00e9 ambulatoires<\/a><\/li>\n<\/ul>\n<\/li>\n<li><strong>Premium<\/strong>\n<ul>\n<li><a href=\"https:\/\/comopolis.be\/wp-content\/uploads\/2026\/01\/ambulant-Premium-CG-FR.pdf\" target=\"_blank\" rel=\"noopener\">Conditions G\u00e9n\u00e9rales d\u2019Assurance<\/a><\/li>\n<li><a href=\"https:\/\/comopolis.be\/wp-content\/uploads\/2026\/01\/ambulant-Premium-IPID-FR.pdf\" target=\"_blank\" rel=\"noopener\">Assurance soins de sant\u00e9 ambulatoires<\/a><\/li>\n<\/ul>\n<\/li>\n<\/ul>\n<\/li>\n<\/ul>\n<h5 style=\"padding-left: 40px;\">Smile<\/h5>\n<ul>\n<li style=\"list-style-type: none;\">\n<ul>\n<li><strong>Comfort<\/strong>\n<ul>\n<li><a href=\"https:\/\/comopolis.be\/wp-content\/uploads\/2026\/01\/smile-comfort-CG-FR.pdf\" target=\"_blank\" rel=\"noopener\">Conditions G\u00e9n\u00e9rales d\u2019Assurance<\/a><\/li>\n<li><a href=\"https:\/\/comopolis.be\/wp-content\/uploads\/2026\/01\/smile-comfort-IPID-FR.pdf\" target=\"_blank\" rel=\"noopener\">Assurance soins dentaires<\/a><\/li>\n<\/ul>\n<\/li>\n<li><strong>Essential<\/strong>\n<ul>\n<li><a href=\"https:\/\/comopolis.be\/wp-content\/uploads\/2026\/01\/smile-essential-CG-FR.pdf\" target=\"_blank\" rel=\"noopener\">Conditions G\u00e9n\u00e9rales d\u2019Assurance<\/a><\/li>\n<li><a href=\"https:\/\/comopolis.be\/wp-content\/uploads\/2026\/01\/smile-essential-IPID-FR.pdf\" target=\"_blank\" rel=\"noopener\">Assurance soins dentaires<\/a><\/li>\n<\/ul>\n<\/li>\n<li><strong>Premium<\/strong>\n<ul>\n<li><a href=\"https:\/\/comopolis.be\/wp-content\/uploads\/2026\/01\/smile-premium-CG-FR.pdf\" target=\"_blank\" rel=\"noopener\">Conditions G\u00e9n\u00e9rales d\u2019Assurance<\/a><\/li>\n<li><a href=\"https:\/\/comopolis.be\/wp-content\/uploads\/2026\/01\/smile-premium-IPID-FR.pdf\" target=\"_blank\" rel=\"noopener\">Assurance soins dentaires<\/a><\/li>\n<\/ul>\n<\/li>\n<\/ul>\n<\/li>\n<\/ul>\n<h5 style=\"padding-left: 40px;\">Hospi<\/h5>\n<ul>\n<li style=\"list-style-type: none;\">\n<ul>\n<li><strong>Comfort<\/strong>\n<ul>\n<li><a href=\"https:\/\/comopolis.be\/wp-content\/uploads\/2026\/01\/hospi-comfort-CG-FR.pdf\" target=\"_blank\" rel=\"noopener\">Conditions G\u00e9n\u00e9rales d\u2019Assurance<\/a><\/li>\n<li><a href=\"https:\/\/comopolis.be\/wp-content\/uploads\/2026\/01\/hospi-comfort-IPID-FR.pdf\" target=\"_blank\" rel=\"noopener\">Assurance hospitalisation<\/a><\/li>\n<\/ul>\n<\/li>\n<li><strong>Essential<\/strong>\n<ul>\n<li><a href=\"https:\/\/comopolis.be\/wp-content\/uploads\/2026\/01\/hospi-essential-CG-FR.pdf\" target=\"_blank\" rel=\"noopener\">Conditions G\u00e9n\u00e9rales d\u2019Assurance<\/a><\/li>\n<li><a href=\"https:\/\/comopolis.be\/wp-content\/uploads\/2026\/01\/hospi-essential-IPID-FR.pdf\" target=\"_blank\" rel=\"noopener\">Assurance hospitalisation<\/a><\/li>\n<\/ul>\n<\/li>\n<li><strong>Premium +<\/strong>\n<ul>\n<li><a href=\"https:\/\/comopolis.be\/wp-content\/uploads\/2026\/01\/hospi-premium-CG-FR.pdf\" target=\"_blank\" rel=\"noopener\">Conditions G\u00e9n\u00e9rales d\u2019Assurance<\/a><\/li>\n<li><a href=\"https:\/\/comopolis.be\/wp-content\/uploads\/2026\/01\/hospi-premium-IPID-FR.pdf\" target=\"_blank\" rel=\"noopener\">Assurance hospitalisation<\/a><\/li>\n<\/ul>\n<\/li>\n<\/ul>\n<\/li>\n<\/ul>\n<p>&nbsp;[\/vc_column_text][vc_column_text css=\u00a0\u00bb.vc_custom_1769591365074{margin-bottom: 50px !important;}\u00a0\u00bb]<\/p>\n<h3>FAMILY CARE<\/h3>\n<ul>\n<li><a href=\"https:\/\/comopolis.be\/wp-content\/uploads\/2026\/01\/FAMILY-CARE-CARES-ASSISTANCE-CONDITIONS-GENERALES-2024-1.pdf\" target=\"_blank\" rel=\"noopener\">Conditions g\u00e9n\u00e9rales<\/a><\/li>\n<li><a href=\"https:\/\/comopolis.be\/wp-content\/uploads\/2026\/01\/FAMILY-CARE-AXA-ASSISTANCE-IPID-FR-2020.pdf\" target=\"_blank\" rel=\"noopener\">Assurance assistance AXA<\/a><\/li>\n<li><a href=\"https:\/\/comopolis.be\/wp-content\/uploads\/2026\/01\/Family-Care-FIF-FR-25-04-2024.pdf\" target=\"_blank\" rel=\"noopener\">Fiche d&rsquo;information financi\u00e8re<\/a><\/li>\n<\/ul>\n<p>[\/vc_column_text][vc_column_text css=\u00a0\u00bb.vc_custom_1769589473154{margin-bottom: 50px !important;}\u00a0\u00bb]<\/p>\n<h3>VITAL CARE<\/h3>\n<ul>\n<li><a href=\"https:\/\/comopolis.be\/wp-content\/uploads\/2026\/01\/VITAL-CARE-Conditions-generales-2025-1.pdf\" target=\"_blank\" rel=\"noopener\">Conditions g\u00e9n\u00e9rales<\/a><\/li>\n<li><a href=\"https:\/\/comopolis.be\/wp-content\/uploads\/2026\/01\/VITAL-CARE-FIF-FR-15-03-2024.pdf\" target=\"_blank\" rel=\"noopener\">Fiche d&rsquo;information financi\u00e8re<\/a><\/li>\n<\/ul>\n<p>[\/vc_column_text][vc_column_text css=\u00a0\u00bb.vc_custom_1769589564609{margin-bottom: 50px !important;}\u00a0\u00bb]<\/p>\n<h3>VIVIUM<\/h3>\n<ul>\n<li><a href=\"https:\/\/comopolis.be\/wp-content\/uploads\/2026\/01\/pf_capi23_fr.pdf\" target=\"_blank\" rel=\"noopener\">Fiche produit : Capi 23<\/a><\/li>\n<li><a href=\"https:\/\/comopolis.be\/wp-content\/uploads\/2026\/01\/pf_capiplan_fr.pdf\" target=\"_blank\" rel=\"noopener\">Fiche produit : Capiplan<\/a><\/li>\n<\/ul>\n<p>[\/vc_column_text][\/vc_column][\/vc_row][\/vc_section]<\/p>\n<\/div>","protected":false},"excerpt":{"rendered":"<p>[vc_row][vc_column][vc_column_text css=\u00a0\u00bb\u00a0\u00bb] Termes et conditions g\u00e9n\u00e9rales [\/vc_column_text][\/vc_column][\/vc_row][vc_section][vc_row el_class=\u00a0\u00bbcontainer\u00a0\u00bb][vc_column][vc_column_text css=\u00a0\u00bb.vc_custom_1769591253357{margin-bottom: 25px !important;}\u00a0\u00bb]T\u00e9l\u00e9chargez ici les conditions g\u00e9n\u00e9rales et les fonds (PDF)[\/vc_column_text][vc_column_text css=\u00a0\u00bb.vc_custom_1769589396482{margin-bottom: 50px !important;}\u00a0\u00bb] BALOISE EID Fiche Save Plan JPM Global Focus Fund R-Valor Fund Save Plan [\/vc_column_text][vc_column_text css=\u00a0\u00bb.vc_custom_1769862698101{margin-bottom: 50px !important;}\u00a0\u00bb] DELA Conditions G\u00e9n\u00e9rales (version 01.04.2020 v9) Fiche informative [\/vc_column_text][vc_column_text css=\u00a0\u00bb.vc_custom_1769593768174{margin-bottom: 50px !important;}\u00a0\u00bb] DKV Daily Comfort Conditions &hellip; <a href=\"https:\/\/comopolis.be\/fr\/termes-et-conditions-generales\/\" class=\"more-link\">Continuer la lecture<span class=\"screen-reader-text\"> de &laquo;&nbsp;Termes et conditions g\u00e9n\u00e9rales&nbsp;&raquo;<\/span><\/a><\/p>\n","protected":false},"author":1,"featured_media":0,"parent":0,"menu_order":1000,"comment_status":"closed","ping_status":"closed","template":"","meta":{"_acf_changed":false,"footnotes":""},"class_list":["post-547","page","type-page","status-publish","hentry"],"acf":[],"yoast_head":"<!-- This site is optimized with the Yoast SEO plugin v27.4 - https:\/\/yoast.com\/product\/yoast-seo-wordpress\/ -->\n<title>Termes et conditions g\u00e9n\u00e9rales - Comopolis<\/title>\n<meta name=\"robots\" content=\"index, follow, max-snippet:-1, max-image-preview:large, max-video-preview:-1\" \/>\n<link rel=\"canonical\" href=\"https:\/\/comopolis.be\/fr\/termes-et-conditions-generales\/\" \/>\n<meta property=\"og:locale\" content=\"fr_FR\" \/>\n<meta property=\"og:type\" content=\"article\" \/>\n<meta property=\"og:title\" content=\"Termes et conditions g\u00e9n\u00e9rales - Comopolis\" \/>\n<meta property=\"og:description\" content=\"[vc_row][vc_column][vc_column_text css=\u00a0\u00bb\u00a0\u00bb] Termes et conditions g\u00e9n\u00e9rales [\/vc_column_text][\/vc_column][\/vc_row][vc_section][vc_row el_class=\u00a0\u00bbcontainer\u00a0\u00bb][vc_column][vc_column_text css=\u00a0\u00bb.vc_custom_1769591253357{margin-bottom: 25px !important;}\u00a0\u00bb]T\u00e9l\u00e9chargez ici les conditions g\u00e9n\u00e9rales et les fonds (PDF)[\/vc_column_text][vc_column_text css=\u00a0\u00bb.vc_custom_1769589396482{margin-bottom: 50px !important;}\u00a0\u00bb] BALOISE EID Fiche Save Plan JPM Global Focus Fund R-Valor Fund Save Plan [\/vc_column_text][vc_column_text css=\u00a0\u00bb.vc_custom_1769862698101{margin-bottom: 50px !important;}\u00a0\u00bb] DELA Conditions G\u00e9n\u00e9rales (version 01.04.2020 v9) Fiche informative [\/vc_column_text][vc_column_text css=\u00a0\u00bb.vc_custom_1769593768174{margin-bottom: 50px !important;}\u00a0\u00bb] DKV Daily Comfort Conditions &hellip; Continuer la lecture de &laquo;&nbsp;Termes et conditions g\u00e9n\u00e9rales&nbsp;&raquo;\" \/>\n<meta property=\"og:url\" content=\"https:\/\/comopolis.be\/fr\/termes-et-conditions-generales\/\" \/>\n<meta property=\"og:site_name\" content=\"Comopolis\" \/>\n<meta property=\"article:publisher\" content=\"https:\/\/www.facebook.com\/comopolis.be\/\" \/>\n<meta property=\"article:modified_time\" content=\"2026-01-31T12:31:42+00:00\" \/>\n<meta name=\"twitter:card\" content=\"summary_large_image\" \/>\n<meta name=\"twitter:label1\" content=\"Dur\u00e9e de lecture estim\u00e9e\" \/>\n\t<meta name=\"twitter:data1\" content=\"1 minute\" \/>\n<script type=\"application\/ld+json\" class=\"yoast-schema-graph\">{\"@context\":\"https:\\\/\\\/schema.org\",\"@graph\":[{\"@type\":\"WebPage\",\"@id\":\"https:\\\/\\\/comopolis.be\\\/fr\\\/termes-et-conditions-generales\\\/\",\"url\":\"https:\\\/\\\/comopolis.be\\\/fr\\\/termes-et-conditions-generales\\\/\",\"name\":\"Termes et conditions g\u00e9n\u00e9rales - Comopolis\",\"isPartOf\":{\"@id\":\"https:\\\/\\\/comopolis.be\\\/fr\\\/#website\"},\"datePublished\":\"2016-12-02T13:17:17+00:00\",\"dateModified\":\"2026-01-31T12:31:42+00:00\",\"breadcrumb\":{\"@id\":\"https:\\\/\\\/comopolis.be\\\/fr\\\/termes-et-conditions-generales\\\/#breadcrumb\"},\"inLanguage\":\"fr-FR\",\"potentialAction\":[{\"@type\":\"ReadAction\",\"target\":[\"https:\\\/\\\/comopolis.be\\\/fr\\\/termes-et-conditions-generales\\\/\"]}]},{\"@type\":\"BreadcrumbList\",\"@id\":\"https:\\\/\\\/comopolis.be\\\/fr\\\/termes-et-conditions-generales\\\/#breadcrumb\",\"itemListElement\":[{\"@type\":\"ListItem\",\"position\":1,\"name\":\"Home\",\"item\":\"https:\\\/\\\/comopolis.be\\\/fr\\\/\"},{\"@type\":\"ListItem\",\"position\":2,\"name\":\"Termes et conditions g\u00e9n\u00e9rales\"}]},{\"@type\":\"WebSite\",\"@id\":\"https:\\\/\\\/comopolis.be\\\/fr\\\/#website\",\"url\":\"https:\\\/\\\/comopolis.be\\\/fr\\\/\",\"name\":\"Comopolis\",\"description\":\"\",\"publisher\":{\"@id\":\"https:\\\/\\\/comopolis.be\\\/fr\\\/#organization\"},\"potentialAction\":[{\"@type\":\"SearchAction\",\"target\":{\"@type\":\"EntryPoint\",\"urlTemplate\":\"https:\\\/\\\/comopolis.be\\\/fr\\\/?s={search_term_string}\"},\"query-input\":{\"@type\":\"PropertyValueSpecification\",\"valueRequired\":true,\"valueName\":\"search_term_string\"}}],\"inLanguage\":\"fr-FR\"},{\"@type\":\"Organization\",\"@id\":\"https:\\\/\\\/comopolis.be\\\/fr\\\/#organization\",\"name\":\"Comopolis\",\"url\":\"https:\\\/\\\/comopolis.be\\\/fr\\\/\",\"logo\":{\"@type\":\"ImageObject\",\"inLanguage\":\"fr-FR\",\"@id\":\"https:\\\/\\\/comopolis.be\\\/fr\\\/#\\\/schema\\\/logo\\\/image\\\/\",\"url\":\"https:\\\/\\\/comopolis.be\\\/wp-content\\\/uploads\\\/2025\\\/01\\\/logo-bird.png\",\"contentUrl\":\"https:\\\/\\\/comopolis.be\\\/wp-content\\\/uploads\\\/2025\\\/01\\\/logo-bird.png\",\"width\":1241,\"height\":1028,\"caption\":\"Comopolis\"},\"image\":{\"@id\":\"https:\\\/\\\/comopolis.be\\\/fr\\\/#\\\/schema\\\/logo\\\/image\\\/\"},\"sameAs\":[\"https:\\\/\\\/www.facebook.com\\\/comopolis.be\\\/\",\"https:\\\/\\\/www.instagram.com\\\/comopolis\\\/\",\"https:\\\/\\\/www.linkedin.com\\\/company\\\/comopolis\\\/\"]}]}<\/script>\n<!-- \/ Yoast SEO plugin. -->","yoast_head_json":{"title":"Termes et conditions g\u00e9n\u00e9rales - Comopolis","robots":{"index":"index","follow":"follow","max-snippet":"max-snippet:-1","max-image-preview":"max-image-preview:large","max-video-preview":"max-video-preview:-1"},"canonical":"https:\/\/comopolis.be\/fr\/termes-et-conditions-generales\/","og_locale":"fr_FR","og_type":"article","og_title":"Termes et conditions g\u00e9n\u00e9rales - Comopolis","og_description":"[vc_row][vc_column][vc_column_text css=\u00a0\u00bb\u00a0\u00bb] Termes et conditions g\u00e9n\u00e9rales [\/vc_column_text][\/vc_column][\/vc_row][vc_section][vc_row el_class=\u00a0\u00bbcontainer\u00a0\u00bb][vc_column][vc_column_text css=\u00a0\u00bb.vc_custom_1769591253357{margin-bottom: 25px !important;}\u00a0\u00bb]T\u00e9l\u00e9chargez ici les conditions g\u00e9n\u00e9rales et les fonds (PDF)[\/vc_column_text][vc_column_text css=\u00a0\u00bb.vc_custom_1769589396482{margin-bottom: 50px !important;}\u00a0\u00bb] BALOISE EID Fiche Save Plan JPM Global Focus Fund R-Valor Fund Save Plan [\/vc_column_text][vc_column_text css=\u00a0\u00bb.vc_custom_1769862698101{margin-bottom: 50px !important;}\u00a0\u00bb] DELA Conditions G\u00e9n\u00e9rales (version 01.04.2020 v9) Fiche informative [\/vc_column_text][vc_column_text css=\u00a0\u00bb.vc_custom_1769593768174{margin-bottom: 50px !important;}\u00a0\u00bb] DKV Daily Comfort Conditions &hellip; Continuer la lecture de &laquo;&nbsp;Termes et conditions g\u00e9n\u00e9rales&nbsp;&raquo;","og_url":"https:\/\/comopolis.be\/fr\/termes-et-conditions-generales\/","og_site_name":"Comopolis","article_publisher":"https:\/\/www.facebook.com\/comopolis.be\/","article_modified_time":"2026-01-31T12:31:42+00:00","twitter_card":"summary_large_image","twitter_misc":{"Dur\u00e9e de lecture estim\u00e9e":"1 minute"},"schema":{"@context":"https:\/\/schema.org","@graph":[{"@type":"WebPage","@id":"https:\/\/comopolis.be\/fr\/termes-et-conditions-generales\/","url":"https:\/\/comopolis.be\/fr\/termes-et-conditions-generales\/","name":"Termes et conditions g\u00e9n\u00e9rales - Comopolis","isPartOf":{"@id":"https:\/\/comopolis.be\/fr\/#website"},"datePublished":"2016-12-02T13:17:17+00:00","dateModified":"2026-01-31T12:31:42+00:00","breadcrumb":{"@id":"https:\/\/comopolis.be\/fr\/termes-et-conditions-generales\/#breadcrumb"},"inLanguage":"fr-FR","potentialAction":[{"@type":"ReadAction","target":["https:\/\/comopolis.be\/fr\/termes-et-conditions-generales\/"]}]},{"@type":"BreadcrumbList","@id":"https:\/\/comopolis.be\/fr\/termes-et-conditions-generales\/#breadcrumb","itemListElement":[{"@type":"ListItem","position":1,"name":"Home","item":"https:\/\/comopolis.be\/fr\/"},{"@type":"ListItem","position":2,"name":"Termes et conditions g\u00e9n\u00e9rales"}]},{"@type":"WebSite","@id":"https:\/\/comopolis.be\/fr\/#website","url":"https:\/\/comopolis.be\/fr\/","name":"Comopolis","description":"","publisher":{"@id":"https:\/\/comopolis.be\/fr\/#organization"},"potentialAction":[{"@type":"SearchAction","target":{"@type":"EntryPoint","urlTemplate":"https:\/\/comopolis.be\/fr\/?s={search_term_string}"},"query-input":{"@type":"PropertyValueSpecification","valueRequired":true,"valueName":"search_term_string"}}],"inLanguage":"fr-FR"},{"@type":"Organization","@id":"https:\/\/comopolis.be\/fr\/#organization","name":"Comopolis","url":"https:\/\/comopolis.be\/fr\/","logo":{"@type":"ImageObject","inLanguage":"fr-FR","@id":"https:\/\/comopolis.be\/fr\/#\/schema\/logo\/image\/","url":"https:\/\/comopolis.be\/wp-content\/uploads\/2025\/01\/logo-bird.png","contentUrl":"https:\/\/comopolis.be\/wp-content\/uploads\/2025\/01\/logo-bird.png","width":1241,"height":1028,"caption":"Comopolis"},"image":{"@id":"https:\/\/comopolis.be\/fr\/#\/schema\/logo\/image\/"},"sameAs":["https:\/\/www.facebook.com\/comopolis.be\/","https:\/\/www.instagram.com\/comopolis\/","https:\/\/www.linkedin.com\/company\/comopolis\/"]}]}},"_links":{"self":[{"href":"https:\/\/comopolis.be\/fr\/wp-json\/wp\/v2\/pages\/547","targetHints":{"allow":["GET"]}}],"collection":[{"href":"https:\/\/comopolis.be\/fr\/wp-json\/wp\/v2\/pages"}],"about":[{"href":"https:\/\/comopolis.be\/fr\/wp-json\/wp\/v2\/types\/page"}],"author":[{"embeddable":true,"href":"https:\/\/comopolis.be\/fr\/wp-json\/wp\/v2\/users\/1"}],"replies":[{"embeddable":true,"href":"https:\/\/comopolis.be\/fr\/wp-json\/wp\/v2\/comments?post=547"}],"version-history":[{"count":23,"href":"https:\/\/comopolis.be\/fr\/wp-json\/wp\/v2\/pages\/547\/revisions"}],"predecessor-version":[{"id":4824,"href":"https:\/\/comopolis.be\/fr\/wp-json\/wp\/v2\/pages\/547\/revisions\/4824"}],"wp:attachment":[{"href":"https:\/\/comopolis.be\/fr\/wp-json\/wp\/v2\/media?parent=547"}],"curies":[{"name":"wp","href":"https:\/\/api.w.org\/{rel}","templated":true}]}}