{"id":4740,"date":"2026-01-28T09:52:57","date_gmt":"2026-01-28T08:52:57","guid":{"rendered":"https:\/\/comopolis.be\/?page_id=4740"},"modified":"2026-01-28T09:52:57","modified_gmt":"2026-01-28T08:52:57","slug":"politique-de-remuneration","status":"publish","type":"page","link":"https:\/\/comopolis.be\/fr\/politique-de-remuneration\/","title":{"rendered":"Politique de r\u00e9mun\u00e9ration"},"content":{"rendered":"<div class=\"wpb-content-wrapper\"><p>[vc_section][vc_row el_class=\u00a0\u00bbcontainer\u00a0\u00bb][vc_column][vc_column_text css=\u00a0\u00bb\u00a0\u00bb]<\/p>\n<h1 style=\"text-align: center;\"><span style=\"color: #00aecd;\">Politique de r\u00e9mun\u00e9ration<\/span><\/h1>\n<p>&nbsp;[\/vc_column_text][vc_column_text css=\u00a0\u00bb.vc_custom_1769590053648{margin-bottom: 50px !important;}\u00a0\u00bb]<span style=\"font-family: CenturyGothic;\">Notre cabinet s\u2019engage \u00e0 servir les int\u00e9r\u00eats de ses clients avec loyaut\u00e9, \u00e9quit\u00e9 et professionnalisme.<\/span><\/p>\n<p><span style=\"font-family: CenturyGothic;\">La politique de r\u00e9mun\u00e9ration du personnel de notre cabinet ou de toute autre personne associ\u00e9e (par exemple, un sous-agent) est conforme \u00e0 cette obligation. Aucun arrangement, en termes de r\u00e9mun\u00e9ration, d\u2019objectifs de vente ou autre, ne doit \u00eatre fait qui puisse l\u2019inciter ou inciter ses collaborateurs \u00e0 recommander un produit d\u2019assurance particulier \u00e0 un client, alors que le distributeur d\u2019assurance pourrait offrir un autre produit d\u2019assurance qui r\u00e9pondrait mieux aux besoins du client en question. Dans ce contexte, notre cabinet a mis en place la politique de r\u00e9mun\u00e9ration suivante\u00a0:<\/span><\/p>\n<p><strong><span style=\"font-family: CenturyGothic;\">R\u00e9mun\u00e9ration:<\/span><\/strong><\/p>\n<p><span style=\"font-family: CenturyGothic;\">Notre bureau travaille avec des r\u00e9mun\u00e9rations fixes et variables. Si notre bureau accorde une r\u00e9mun\u00e9ration variable, il s\u2019assure que\u00a0:<\/span><\/p>\n<ul>\n<li><span style=\"font-family: CenturyGothic;\">la r\u00e9mun\u00e9ration variable ne nuit pas aux int\u00e9r\u00eats des clients;<\/span><\/li>\n<li><span style=\"font-family: CenturyGothic;\">la r\u00e9mun\u00e9ration variable constituera une partie limit\u00e9e de la r\u00e9mun\u00e9ration totale;<\/span><\/li>\n<li><span style=\"font-family: CenturyGothic;\">la r\u00e9mun\u00e9ration variable n\u2019est pas calcul\u00e9e sur la base de la r\u00e9alisation de la vente de produits sp\u00e9cifiques, mais bien sur la base de la totalit\u00e9 de la performance;<\/span><\/li>\n<li><span style=\"font-family: CenturyGothic;\">les crit\u00e8res qualitatifs tels que le respect des codes de conduite, la qualit\u00e9 du service et\/ou la satisfaction du client sont respect\u00e9s.<\/span><\/li>\n<\/ul>\n<p><span style=\"font-family: CenturyGothic;\">S\u2019il appara\u00eet que les int\u00e9r\u00eats du client n\u2019ont pas \u00e9t\u00e9 respect\u00e9s, la r\u00e9mun\u00e9ration variable est r\u00e9cup\u00e9r\u00e9e et les mesures n\u00e9cessaires sont prises \u00e0 l\u2019\u00e9gard de la personne concern\u00e9e.<\/span>[\/vc_column_text][\/vc_column][\/vc_row][\/vc_section][vc_row][vc_column][\/vc_column][\/vc_row]<\/p>\n<\/div>","protected":false},"excerpt":{"rendered":"<p>[vc_section][vc_row el_class=\u00a0\u00bbcontainer\u00a0\u00bb][vc_column][vc_column_text css=\u00a0\u00bb\u00a0\u00bb] Politique de r\u00e9mun\u00e9ration &nbsp;[\/vc_column_text][vc_column_text css=\u00a0\u00bb.vc_custom_1769590053648{margin-bottom: 50px !important;}\u00a0\u00bb]Notre cabinet s\u2019engage \u00e0 servir les int\u00e9r\u00eats de ses clients avec loyaut\u00e9, \u00e9quit\u00e9 et professionnalisme. La politique de r\u00e9mun\u00e9ration du personnel de notre cabinet ou de toute autre personne associ\u00e9e (par exemple, un sous-agent) est conforme \u00e0 cette obligation. Aucun arrangement, en termes de r\u00e9mun\u00e9ration, d\u2019objectifs &hellip; <a href=\"https:\/\/comopolis.be\/fr\/politique-de-remuneration\/\" class=\"more-link\">Continuer la lecture<span class=\"screen-reader-text\"> de &laquo;&nbsp;Politique de r\u00e9mun\u00e9ration&nbsp;&raquo;<\/span><\/a><\/p>\n","protected":false},"author":1,"featured_media":0,"parent":0,"menu_order":1000,"comment_status":"closed","ping_status":"closed","template":"","meta":{"_acf_changed":false,"footnotes":""},"class_list":["post-4740","page","type-page","status-publish","hentry"],"acf":[],"yoast_head":"<!-- This site is optimized with the Yoast SEO plugin v27.4 - https:\/\/yoast.com\/product\/yoast-seo-wordpress\/ -->\n<title>Politique de r\u00e9mun\u00e9ration - Comopolis<\/title>\n<meta name=\"robots\" content=\"index, follow, max-snippet:-1, max-image-preview:large, max-video-preview:-1\" \/>\n<link rel=\"canonical\" href=\"https:\/\/comopolis.be\/fr\/politique-de-remuneration\/\" \/>\n<meta property=\"og:locale\" content=\"fr_FR\" \/>\n<meta property=\"og:type\" content=\"article\" \/>\n<meta property=\"og:title\" content=\"Politique de r\u00e9mun\u00e9ration - Comopolis\" \/>\n<meta property=\"og:description\" content=\"[vc_section][vc_row el_class=\u00a0\u00bbcontainer\u00a0\u00bb][vc_column][vc_column_text css=\u00a0\u00bb\u00a0\u00bb] Politique de r\u00e9mun\u00e9ration &nbsp;[\/vc_column_text][vc_column_text css=\u00a0\u00bb.vc_custom_1769590053648{margin-bottom: 50px !important;}\u00a0\u00bb]Notre cabinet s\u2019engage \u00e0 servir les int\u00e9r\u00eats de ses clients avec loyaut\u00e9, \u00e9quit\u00e9 et professionnalisme. La politique de r\u00e9mun\u00e9ration du personnel de notre cabinet ou de toute autre personne associ\u00e9e (par exemple, un sous-agent) est conforme \u00e0 cette obligation. Aucun arrangement, en termes de r\u00e9mun\u00e9ration, d\u2019objectifs &hellip; Continuer la lecture de &laquo;&nbsp;Politique de r\u00e9mun\u00e9ration&nbsp;&raquo;\" \/>\n<meta property=\"og:url\" content=\"https:\/\/comopolis.be\/fr\/politique-de-remuneration\/\" \/>\n<meta property=\"og:site_name\" content=\"Comopolis\" \/>\n<meta property=\"article:publisher\" content=\"https:\/\/www.facebook.com\/comopolis.be\/\" \/>\n<meta name=\"twitter:card\" content=\"summary_large_image\" \/>\n<meta name=\"twitter:label1\" content=\"Dur\u00e9e de lecture estim\u00e9e\" \/>\n\t<meta name=\"twitter:data1\" content=\"1 minute\" \/>\n<script type=\"application\/ld+json\" class=\"yoast-schema-graph\">{\"@context\":\"https:\\\/\\\/schema.org\",\"@graph\":[{\"@type\":\"WebPage\",\"@id\":\"https:\\\/\\\/comopolis.be\\\/fr\\\/politique-de-remuneration\\\/\",\"url\":\"https:\\\/\\\/comopolis.be\\\/fr\\\/politique-de-remuneration\\\/\",\"name\":\"Politique de r\u00e9mun\u00e9ration - Comopolis\",\"isPartOf\":{\"@id\":\"https:\\\/\\\/comopolis.be\\\/fr\\\/#website\"},\"datePublished\":\"2026-01-28T08:52:57+00:00\",\"breadcrumb\":{\"@id\":\"https:\\\/\\\/comopolis.be\\\/fr\\\/politique-de-remuneration\\\/#breadcrumb\"},\"inLanguage\":\"fr-FR\",\"potentialAction\":[{\"@type\":\"ReadAction\",\"target\":[\"https:\\\/\\\/comopolis.be\\\/fr\\\/politique-de-remuneration\\\/\"]}]},{\"@type\":\"BreadcrumbList\",\"@id\":\"https:\\\/\\\/comopolis.be\\\/fr\\\/politique-de-remuneration\\\/#breadcrumb\",\"itemListElement\":[{\"@type\":\"ListItem\",\"position\":1,\"name\":\"Home\",\"item\":\"https:\\\/\\\/comopolis.be\\\/fr\\\/\"},{\"@type\":\"ListItem\",\"position\":2,\"name\":\"Politique de r\u00e9mun\u00e9ration\"}]},{\"@type\":\"WebSite\",\"@id\":\"https:\\\/\\\/comopolis.be\\\/fr\\\/#website\",\"url\":\"https:\\\/\\\/comopolis.be\\\/fr\\\/\",\"name\":\"Comopolis\",\"description\":\"\",\"publisher\":{\"@id\":\"https:\\\/\\\/comopolis.be\\\/fr\\\/#organization\"},\"potentialAction\":[{\"@type\":\"SearchAction\",\"target\":{\"@type\":\"EntryPoint\",\"urlTemplate\":\"https:\\\/\\\/comopolis.be\\\/fr\\\/?s={search_term_string}\"},\"query-input\":{\"@type\":\"PropertyValueSpecification\",\"valueRequired\":true,\"valueName\":\"search_term_string\"}}],\"inLanguage\":\"fr-FR\"},{\"@type\":\"Organization\",\"@id\":\"https:\\\/\\\/comopolis.be\\\/fr\\\/#organization\",\"name\":\"Comopolis\",\"url\":\"https:\\\/\\\/comopolis.be\\\/fr\\\/\",\"logo\":{\"@type\":\"ImageObject\",\"inLanguage\":\"fr-FR\",\"@id\":\"https:\\\/\\\/comopolis.be\\\/fr\\\/#\\\/schema\\\/logo\\\/image\\\/\",\"url\":\"https:\\\/\\\/comopolis.be\\\/wp-content\\\/uploads\\\/2025\\\/01\\\/logo-bird.png\",\"contentUrl\":\"https:\\\/\\\/comopolis.be\\\/wp-content\\\/uploads\\\/2025\\\/01\\\/logo-bird.png\",\"width\":1241,\"height\":1028,\"caption\":\"Comopolis\"},\"image\":{\"@id\":\"https:\\\/\\\/comopolis.be\\\/fr\\\/#\\\/schema\\\/logo\\\/image\\\/\"},\"sameAs\":[\"https:\\\/\\\/www.facebook.com\\\/comopolis.be\\\/\",\"https:\\\/\\\/www.instagram.com\\\/comopolis\\\/\",\"https:\\\/\\\/www.linkedin.com\\\/company\\\/comopolis\\\/\"]}]}<\/script>\n<!-- \/ Yoast SEO plugin. -->","yoast_head_json":{"title":"Politique de r\u00e9mun\u00e9ration - Comopolis","robots":{"index":"index","follow":"follow","max-snippet":"max-snippet:-1","max-image-preview":"max-image-preview:large","max-video-preview":"max-video-preview:-1"},"canonical":"https:\/\/comopolis.be\/fr\/politique-de-remuneration\/","og_locale":"fr_FR","og_type":"article","og_title":"Politique de r\u00e9mun\u00e9ration - Comopolis","og_description":"[vc_section][vc_row el_class=\u00a0\u00bbcontainer\u00a0\u00bb][vc_column][vc_column_text css=\u00a0\u00bb\u00a0\u00bb] Politique de r\u00e9mun\u00e9ration &nbsp;[\/vc_column_text][vc_column_text css=\u00a0\u00bb.vc_custom_1769590053648{margin-bottom: 50px !important;}\u00a0\u00bb]Notre cabinet s\u2019engage \u00e0 servir les int\u00e9r\u00eats de ses clients avec loyaut\u00e9, \u00e9quit\u00e9 et professionnalisme. La politique de r\u00e9mun\u00e9ration du personnel de notre cabinet ou de toute autre personne associ\u00e9e (par exemple, un sous-agent) est conforme \u00e0 cette obligation. Aucun arrangement, en termes de r\u00e9mun\u00e9ration, d\u2019objectifs &hellip; Continuer la lecture de &laquo;&nbsp;Politique de r\u00e9mun\u00e9ration&nbsp;&raquo;","og_url":"https:\/\/comopolis.be\/fr\/politique-de-remuneration\/","og_site_name":"Comopolis","article_publisher":"https:\/\/www.facebook.com\/comopolis.be\/","twitter_card":"summary_large_image","twitter_misc":{"Dur\u00e9e de lecture estim\u00e9e":"1 minute"},"schema":{"@context":"https:\/\/schema.org","@graph":[{"@type":"WebPage","@id":"https:\/\/comopolis.be\/fr\/politique-de-remuneration\/","url":"https:\/\/comopolis.be\/fr\/politique-de-remuneration\/","name":"Politique de r\u00e9mun\u00e9ration - Comopolis","isPartOf":{"@id":"https:\/\/comopolis.be\/fr\/#website"},"datePublished":"2026-01-28T08:52:57+00:00","breadcrumb":{"@id":"https:\/\/comopolis.be\/fr\/politique-de-remuneration\/#breadcrumb"},"inLanguage":"fr-FR","potentialAction":[{"@type":"ReadAction","target":["https:\/\/comopolis.be\/fr\/politique-de-remuneration\/"]}]},{"@type":"BreadcrumbList","@id":"https:\/\/comopolis.be\/fr\/politique-de-remuneration\/#breadcrumb","itemListElement":[{"@type":"ListItem","position":1,"name":"Home","item":"https:\/\/comopolis.be\/fr\/"},{"@type":"ListItem","position":2,"name":"Politique de r\u00e9mun\u00e9ration"}]},{"@type":"WebSite","@id":"https:\/\/comopolis.be\/fr\/#website","url":"https:\/\/comopolis.be\/fr\/","name":"Comopolis","description":"","publisher":{"@id":"https:\/\/comopolis.be\/fr\/#organization"},"potentialAction":[{"@type":"SearchAction","target":{"@type":"EntryPoint","urlTemplate":"https:\/\/comopolis.be\/fr\/?s={search_term_string}"},"query-input":{"@type":"PropertyValueSpecification","valueRequired":true,"valueName":"search_term_string"}}],"inLanguage":"fr-FR"},{"@type":"Organization","@id":"https:\/\/comopolis.be\/fr\/#organization","name":"Comopolis","url":"https:\/\/comopolis.be\/fr\/","logo":{"@type":"ImageObject","inLanguage":"fr-FR","@id":"https:\/\/comopolis.be\/fr\/#\/schema\/logo\/image\/","url":"https:\/\/comopolis.be\/wp-content\/uploads\/2025\/01\/logo-bird.png","contentUrl":"https:\/\/comopolis.be\/wp-content\/uploads\/2025\/01\/logo-bird.png","width":1241,"height":1028,"caption":"Comopolis"},"image":{"@id":"https:\/\/comopolis.be\/fr\/#\/schema\/logo\/image\/"},"sameAs":["https:\/\/www.facebook.com\/comopolis.be\/","https:\/\/www.instagram.com\/comopolis\/","https:\/\/www.linkedin.com\/company\/comopolis\/"]}]}},"_links":{"self":[{"href":"https:\/\/comopolis.be\/fr\/wp-json\/wp\/v2\/pages\/4740","targetHints":{"allow":["GET"]}}],"collection":[{"href":"https:\/\/comopolis.be\/fr\/wp-json\/wp\/v2\/pages"}],"about":[{"href":"https:\/\/comopolis.be\/fr\/wp-json\/wp\/v2\/types\/page"}],"author":[{"embeddable":true,"href":"https:\/\/comopolis.be\/fr\/wp-json\/wp\/v2\/users\/1"}],"replies":[{"embeddable":true,"href":"https:\/\/comopolis.be\/fr\/wp-json\/wp\/v2\/comments?post=4740"}],"version-history":[{"count":5,"href":"https:\/\/comopolis.be\/fr\/wp-json\/wp\/v2\/pages\/4740\/revisions"}],"predecessor-version":[{"id":4747,"href":"https:\/\/comopolis.be\/fr\/wp-json\/wp\/v2\/pages\/4740\/revisions\/4747"}],"wp:attachment":[{"href":"https:\/\/comopolis.be\/fr\/wp-json\/wp\/v2\/media?parent=4740"}],"curies":[{"name":"wp","href":"https:\/\/api.w.org\/{rel}","templated":true}]}}