{"id":4610,"date":"2026-01-06T11:43:33","date_gmt":"2026-01-06T10:43:33","guid":{"rendered":"https:\/\/comopolis.be\/?page_id=4610"},"modified":"2026-03-21T09:51:24","modified_gmt":"2026-03-21T08:51:24","slug":"reglement-du-giveaway","status":"publish","type":"page","link":"https:\/\/comopolis.be\/fr\/reglement-du-giveaway\/","title":{"rendered":"R\u00e8glement du Giveaway"},"content":{"rendered":"<div class=\"wpb-content-wrapper\"><p>[vc_section][vc_row][vc_column][vc_column_text css=\u00a0\u00bb\u00a0\u00bb]<\/p>\n<h1 style=\"text-align: center;\">R\u00e8glement du Giveaway<\/h1>\n<p>[\/vc_column_text][\/vc_column][\/vc_row][vc_row gap=\u00a0\u00bb20&Prime; el_class=\u00a0\u00bbcontainer\u00a0\u00bb][vc_column width=\u00a0\u00bb1\/2&Prime;][vc_column_text css=\u00a0\u00bb\u00a0\u00bb]<\/p>\n<h3><span style=\"color: #00aecd;\">1. Organisateur<\/span><\/h3>\n<p>Le pr\u00e9sent concours (\u00ab giveaway \u00bb) est organis\u00e9 par\u00a0Comopolis SA, dont le si\u00e8ge social est \u00e9tabli Avenue Louise 143\/4, 1050 Ixelles, Bruxelles, Belgique, inscrite \u00e0 la BCE sous le num\u00e9ro\u00a0BE 0832.979.976, ci-apr\u00e8s d\u00e9nomm\u00e9e \u00ab l\u2019organisateur \u00bb.<\/p>\n<h3><span style=\"color: #00aecd;\">2. Participation<\/span><\/h3>\n<ul>\n<li>Les participants doivent \u00eatre \u00e2g\u00e9s d\u2019au moins 18 ans et r\u00e9sider en Belgique.<\/li>\n<li>La participation est gratuite et sans obligation d\u2019achat.\u2028\u2022 Chaque personne ne peut participer qu\u2019une seule fois par giveaway.<\/li>\n<li>Les employ\u00e9s de l\u2019organisateur ainsi que les membres de leur famille sont exclus.<\/li>\n<li>Une seule participation valable par personne est autoris\u00e9e.<\/li>\n<\/ul>\n<h3><span style=\"color: #00aecd;\">3. Dur\u00e9e<\/span><\/h3>\n<p>Le giveaway se d\u00e9roule <span style=\"color: #e33f75;\"><strong>du 3 avril \u00e0 09h00 jusqu\u2019au 23 avril 2026 \u00e0 23h59<\/strong><\/span>.<br \/>\nL\u2019organisateur se r\u00e9serve le droit d\u2019\u00e9courter, de prolonger ou de modifier l\u2019action si n\u00e9cessaire.<\/p>\n<h3><span style=\"color: #00aecd;\">4. Proc\u00e9dure de participation<\/span><\/h3>\n<p>Les participants peuvent prendre part au concours via Facebook ou Instagram (principe Like, Share &amp; Win)<\/p>\n<ul>\n<li>Aimer la publication<\/li>\n<li>Suivre la page<\/li>\n<li>Partager la publication du concours<\/li>\n<li>Optionnel : taguer des amis (sans impact sur les chances de gain)<\/li>\n<\/ul>\n<p>Les donn\u00e9es sont utilis\u00e9es exclusivement dans le cadre de ce concours (voir GDPR).<br \/>\nToute participation enregistr\u00e9e apr\u00e8s la date de fin sera consid\u00e9r\u00e9e comme nulle.<\/p>\n<h3><span style=\"color: #00aecd;\">5. Prix<\/span><\/h3>\n<ul>\n<li>Le prix consiste en un <span style=\"color: #e33f75;\"><strong>Lapierre E-Explorer 5.5 Low d\u2019une valeur de 2 999 \u20ac<\/strong><\/span>.<\/li>\n<li>Le prix ne peut \u00eatre \u00e9chang\u00e9 contre de l\u2019argent ou contre un autre produit.<\/li>\n<li>Le gagnant sera contact\u00e9 personnellement via les r\u00e9seaux sociaux ou par e-mail.<\/li>\n<\/ul>\n<h3><span style=\"color: #00aecd;\">6. S\u00e9lection du gagnant<\/span><\/h3>\n<ul>\n<li>Le gagnant sera d\u00e9sign\u00e9 le <strong><span style=\"color: #e33f75;\">24 avril 2026<\/span><\/strong> par un tirage au sort al\u00e9atoire.<\/li>\n<li>La d\u00e9cision de l\u2019organisateur est d\u00e9finitive et aucune correspondance ne sera \u00e9chang\u00e9e \u00e0 ce sujet.<\/li>\n<li>Le gagnant sera contact\u00e9 personnellement par message priv\u00e9 ou par e-mail.<\/li>\n<li>Si le gagnant ne r\u00e9agit pas dans un d\u00e9lai de 7 jours, il perd son droit au prix et un nouveau gagnant sera d\u00e9sign\u00e9.<\/li>\n<\/ul>\n<p>[\/vc_column_text][\/vc_column][vc_column css_animation=\u00a0\u00bbslideInRight\u00a0\u00bb width=\u00a0\u00bb1\/2&Prime;][vc_single_image image=\u00a0\u00bb4622&Prime; img_size=\u00a0\u00bbfull\u00a0\u00bb css=\u00a0\u00bb\u00a0\u00bb][\/vc_column][\/vc_row][vc_row gap=\u00a0\u00bb20&Prime; el_class=\u00a0\u00bbcontainer\u00a0\u00bb][vc_column width=\u00a0\u00bb5\/6&Prime;][vc_column_text css=\u00a0\u00bb\u00a0\u00bb]<\/p>\n<h3><span style=\"color: #00aecd;\">7. Annonce du gagnant<\/span><\/h3>\n<p>Le gagnant sera annonc\u00e9 via la page officielle Facebook\/Instagram de Comopolis et\/ou par e-mail.\u2028Le prix peut \u00eatre retir\u00e9 au si\u00e8ge de l\u2019organisateur ou envoy\u00e9 en concertation avec celui-ci.\u2028L\u2019organisateur n\u2019est pas responsable des retards, dommages ou pertes caus\u00e9s par des tiers (ex. services postaux).<\/p>\n<h3><span style=\"color: #00aecd;\">8. Responsabilit\u00e9<\/span><\/h3>\n<p>Ce giveaway n\u2019est en aucun cas sponsoris\u00e9, soutenu ou g\u00e9r\u00e9 par Facebook ou Instagram.\u2028Facebook et Instagram ne peuvent donc \u00eatre tenus responsables pour tout dommage ou r\u00e9clamation li\u00e9e \u00e0 cette action.<\/p>\n<h3><span style=\"color: #00aecd;\">9. Protection des donn\u00e9es personnelles<\/span><\/h3>\n<ul>\n<li>Les donn\u00e9es collect\u00e9es sont utilis\u00e9es uniquement dans le cadre du giveaway, conform\u00e9ment \u00e0 notre d\u00e9claration de confidentialit\u00e9.<\/li>\n<li>Les participants peuvent demander la suppression ou la correction de leurs donn\u00e9es en contactant info@comopolis.be.<\/li>\n<li>Les donn\u00e9es ne seront pas transmises \u00e0 des tiers, sauf obligation l\u00e9gale.<\/li>\n<\/ul>\n<h3><span style=\"color: #00aecd;\">10. Fraude et exclusion<\/span><\/h3>\n<p>L\u2019organisateur se r\u00e9serve le droit d\u2019exclure tout participant en cas de :<\/p>\n<ul>\n<li>fraude, abus, faux comptes, bots ;<\/li>\n<li>participation non conforme au r\u00e8glement ;<\/li>\n<li>communication inappropri\u00e9e ou offensante.<\/li>\n<\/ul>\n<h3><span style=\"color: #00aecd;\">11. Acceptation du r\u00e8glement<\/span><\/h3>\n<p>En participant au giveaway, le participant d\u00e9clare accepter pleinement et sans r\u00e9serve le pr\u00e9sent r\u00e8glement.<\/p>\n<h3><span style=\"color: #00aecd;\">12. Droit applicable<\/span><\/h3>\n<p>Le pr\u00e9sent r\u00e8glement est soumis au droit belge.\u2028Tout litige rel\u00e8ve de la comp\u00e9tence exclusive des tribunaux de l\u2019arrondissement du si\u00e8ge de l\u2019organisateur.[\/vc_column_text][\/vc_column][vc_column css_animation=\u00a0\u00bbslideInRight\u00a0\u00bb width=\u00a0\u00bb1\/6&Prime;][\/vc_column][\/vc_row][\/vc_section]<\/p>\n<\/div>","protected":false},"excerpt":{"rendered":"<p>[vc_section][vc_row][vc_column][vc_column_text css=\u00a0\u00bb\u00a0\u00bb] R\u00e8glement du Giveaway [\/vc_column_text][\/vc_column][\/vc_row][vc_row gap=\u00a0\u00bb20&Prime; el_class=\u00a0\u00bbcontainer\u00a0\u00bb][vc_column width=\u00a0\u00bb1\/2&Prime;][vc_column_text css=\u00a0\u00bb\u00a0\u00bb] 1. Organisateur Le pr\u00e9sent concours (\u00ab giveaway \u00bb) est organis\u00e9 par\u00a0Comopolis SA, dont le si\u00e8ge social est \u00e9tabli Avenue Louise 143\/4, 1050 Ixelles, Bruxelles, Belgique, inscrite \u00e0 la BCE sous le num\u00e9ro\u00a0BE 0832.979.976, ci-apr\u00e8s d\u00e9nomm\u00e9e \u00ab l\u2019organisateur \u00bb. 2. Participation Les participants doivent \u00eatre \u00e2g\u00e9s &hellip; <a href=\"https:\/\/comopolis.be\/fr\/reglement-du-giveaway\/\" class=\"more-link\">Continuer la lecture<span class=\"screen-reader-text\"> de &laquo;&nbsp;R\u00e8glement du Giveaway&nbsp;&raquo;<\/span><\/a><\/p>\n","protected":false},"author":1,"featured_media":0,"parent":0,"menu_order":0,"comment_status":"closed","ping_status":"closed","template":"","meta":{"_acf_changed":false,"footnotes":""},"class_list":["post-4610","page","type-page","status-publish","hentry"],"acf":[],"yoast_head":"<!-- This site is optimized with the Yoast SEO plugin v27.5 - https:\/\/yoast.com\/product\/yoast-seo-wordpress\/ -->\n<title>R\u00e8glement du Giveaway - Comopolis<\/title>\n<meta name=\"robots\" content=\"index, follow, max-snippet:-1, max-image-preview:large, max-video-preview:-1\" \/>\n<link rel=\"canonical\" href=\"https:\/\/comopolis.be\/fr\/reglement-du-giveaway\/\" \/>\n<meta property=\"og:locale\" content=\"fr_FR\" \/>\n<meta property=\"og:type\" content=\"article\" \/>\n<meta property=\"og:title\" content=\"R\u00e8glement du Giveaway - Comopolis\" \/>\n<meta property=\"og:description\" content=\"[vc_section][vc_row][vc_column][vc_column_text css=\u00a0\u00bb\u00a0\u00bb] R\u00e8glement du Giveaway [\/vc_column_text][\/vc_column][\/vc_row][vc_row gap=\u00a0\u00bb20&Prime; el_class=\u00a0\u00bbcontainer\u00a0\u00bb][vc_column width=\u00a0\u00bb1\/2&Prime;][vc_column_text css=\u00a0\u00bb\u00a0\u00bb] 1. Organisateur Le pr\u00e9sent concours (\u00ab giveaway \u00bb) est organis\u00e9 par\u00a0Comopolis SA, dont le si\u00e8ge social est \u00e9tabli Avenue Louise 143\/4, 1050 Ixelles, Bruxelles, Belgique, inscrite \u00e0 la BCE sous le num\u00e9ro\u00a0BE 0832.979.976, ci-apr\u00e8s d\u00e9nomm\u00e9e \u00ab l\u2019organisateur \u00bb. 2. Participation Les participants doivent \u00eatre \u00e2g\u00e9s &hellip; Continuer la lecture de &laquo;&nbsp;R\u00e8glement du Giveaway&nbsp;&raquo;\" \/>\n<meta property=\"og:url\" content=\"https:\/\/comopolis.be\/fr\/reglement-du-giveaway\/\" \/>\n<meta property=\"og:site_name\" content=\"Comopolis\" \/>\n<meta property=\"article:publisher\" content=\"https:\/\/www.facebook.com\/comopolis.be\/\" \/>\n<meta property=\"article:modified_time\" content=\"2026-03-21T08:51:24+00:00\" \/>\n<meta name=\"twitter:card\" content=\"summary_large_image\" \/>\n<meta name=\"twitter:label1\" content=\"Dur\u00e9e de lecture estim\u00e9e\" \/>\n\t<meta name=\"twitter:data1\" content=\"3 minutes\" \/>\n<script type=\"application\/ld+json\" class=\"yoast-schema-graph\">{\"@context\":\"https:\\\/\\\/schema.org\",\"@graph\":[{\"@type\":\"WebPage\",\"@id\":\"https:\\\/\\\/comopolis.be\\\/fr\\\/reglement-du-giveaway\\\/\",\"url\":\"https:\\\/\\\/comopolis.be\\\/fr\\\/reglement-du-giveaway\\\/\",\"name\":\"R\u00e8glement du Giveaway - Comopolis\",\"isPartOf\":{\"@id\":\"https:\\\/\\\/comopolis.be\\\/fr\\\/#website\"},\"datePublished\":\"2026-01-06T10:43:33+00:00\",\"dateModified\":\"2026-03-21T08:51:24+00:00\",\"breadcrumb\":{\"@id\":\"https:\\\/\\\/comopolis.be\\\/fr\\\/reglement-du-giveaway\\\/#breadcrumb\"},\"inLanguage\":\"fr-FR\",\"potentialAction\":[{\"@type\":\"ReadAction\",\"target\":[\"https:\\\/\\\/comopolis.be\\\/fr\\\/reglement-du-giveaway\\\/\"]}]},{\"@type\":\"BreadcrumbList\",\"@id\":\"https:\\\/\\\/comopolis.be\\\/fr\\\/reglement-du-giveaway\\\/#breadcrumb\",\"itemListElement\":[{\"@type\":\"ListItem\",\"position\":1,\"name\":\"Home\",\"item\":\"https:\\\/\\\/comopolis.be\\\/fr\\\/\"},{\"@type\":\"ListItem\",\"position\":2,\"name\":\"R\u00e8glement du Giveaway\"}]},{\"@type\":\"WebSite\",\"@id\":\"https:\\\/\\\/comopolis.be\\\/fr\\\/#website\",\"url\":\"https:\\\/\\\/comopolis.be\\\/fr\\\/\",\"name\":\"Comopolis\",\"description\":\"\",\"publisher\":{\"@id\":\"https:\\\/\\\/comopolis.be\\\/fr\\\/#organization\"},\"potentialAction\":[{\"@type\":\"SearchAction\",\"target\":{\"@type\":\"EntryPoint\",\"urlTemplate\":\"https:\\\/\\\/comopolis.be\\\/fr\\\/?s={search_term_string}\"},\"query-input\":{\"@type\":\"PropertyValueSpecification\",\"valueRequired\":true,\"valueName\":\"search_term_string\"}}],\"inLanguage\":\"fr-FR\"},{\"@type\":\"Organization\",\"@id\":\"https:\\\/\\\/comopolis.be\\\/fr\\\/#organization\",\"name\":\"Comopolis\",\"url\":\"https:\\\/\\\/comopolis.be\\\/fr\\\/\",\"logo\":{\"@type\":\"ImageObject\",\"inLanguage\":\"fr-FR\",\"@id\":\"https:\\\/\\\/comopolis.be\\\/fr\\\/#\\\/schema\\\/logo\\\/image\\\/\",\"url\":\"https:\\\/\\\/comopolis.be\\\/wp-content\\\/uploads\\\/2025\\\/01\\\/logo-bird.png\",\"contentUrl\":\"https:\\\/\\\/comopolis.be\\\/wp-content\\\/uploads\\\/2025\\\/01\\\/logo-bird.png\",\"width\":1241,\"height\":1028,\"caption\":\"Comopolis\"},\"image\":{\"@id\":\"https:\\\/\\\/comopolis.be\\\/fr\\\/#\\\/schema\\\/logo\\\/image\\\/\"},\"sameAs\":[\"https:\\\/\\\/www.facebook.com\\\/comopolis.be\\\/\",\"https:\\\/\\\/www.instagram.com\\\/comopolis\\\/\",\"https:\\\/\\\/www.linkedin.com\\\/company\\\/comopolis\\\/\"]}]}<\/script>\n<!-- \/ Yoast SEO plugin. -->","yoast_head_json":{"title":"R\u00e8glement du Giveaway - Comopolis","robots":{"index":"index","follow":"follow","max-snippet":"max-snippet:-1","max-image-preview":"max-image-preview:large","max-video-preview":"max-video-preview:-1"},"canonical":"https:\/\/comopolis.be\/fr\/reglement-du-giveaway\/","og_locale":"fr_FR","og_type":"article","og_title":"R\u00e8glement du Giveaway - Comopolis","og_description":"[vc_section][vc_row][vc_column][vc_column_text css=\u00a0\u00bb\u00a0\u00bb] R\u00e8glement du Giveaway [\/vc_column_text][\/vc_column][\/vc_row][vc_row gap=\u00a0\u00bb20&Prime; el_class=\u00a0\u00bbcontainer\u00a0\u00bb][vc_column width=\u00a0\u00bb1\/2&Prime;][vc_column_text css=\u00a0\u00bb\u00a0\u00bb] 1. Organisateur Le pr\u00e9sent concours (\u00ab giveaway \u00bb) est organis\u00e9 par\u00a0Comopolis SA, dont le si\u00e8ge social est \u00e9tabli Avenue Louise 143\/4, 1050 Ixelles, Bruxelles, Belgique, inscrite \u00e0 la BCE sous le num\u00e9ro\u00a0BE 0832.979.976, ci-apr\u00e8s d\u00e9nomm\u00e9e \u00ab l\u2019organisateur \u00bb. 2. Participation Les participants doivent \u00eatre \u00e2g\u00e9s &hellip; Continuer la lecture de &laquo;&nbsp;R\u00e8glement du Giveaway&nbsp;&raquo;","og_url":"https:\/\/comopolis.be\/fr\/reglement-du-giveaway\/","og_site_name":"Comopolis","article_publisher":"https:\/\/www.facebook.com\/comopolis.be\/","article_modified_time":"2026-03-21T08:51:24+00:00","twitter_card":"summary_large_image","twitter_misc":{"Dur\u00e9e de lecture estim\u00e9e":"3 minutes"},"schema":{"@context":"https:\/\/schema.org","@graph":[{"@type":"WebPage","@id":"https:\/\/comopolis.be\/fr\/reglement-du-giveaway\/","url":"https:\/\/comopolis.be\/fr\/reglement-du-giveaway\/","name":"R\u00e8glement du Giveaway - Comopolis","isPartOf":{"@id":"https:\/\/comopolis.be\/fr\/#website"},"datePublished":"2026-01-06T10:43:33+00:00","dateModified":"2026-03-21T08:51:24+00:00","breadcrumb":{"@id":"https:\/\/comopolis.be\/fr\/reglement-du-giveaway\/#breadcrumb"},"inLanguage":"fr-FR","potentialAction":[{"@type":"ReadAction","target":["https:\/\/comopolis.be\/fr\/reglement-du-giveaway\/"]}]},{"@type":"BreadcrumbList","@id":"https:\/\/comopolis.be\/fr\/reglement-du-giveaway\/#breadcrumb","itemListElement":[{"@type":"ListItem","position":1,"name":"Home","item":"https:\/\/comopolis.be\/fr\/"},{"@type":"ListItem","position":2,"name":"R\u00e8glement du Giveaway"}]},{"@type":"WebSite","@id":"https:\/\/comopolis.be\/fr\/#website","url":"https:\/\/comopolis.be\/fr\/","name":"Comopolis","description":"","publisher":{"@id":"https:\/\/comopolis.be\/fr\/#organization"},"potentialAction":[{"@type":"SearchAction","target":{"@type":"EntryPoint","urlTemplate":"https:\/\/comopolis.be\/fr\/?s={search_term_string}"},"query-input":{"@type":"PropertyValueSpecification","valueRequired":true,"valueName":"search_term_string"}}],"inLanguage":"fr-FR"},{"@type":"Organization","@id":"https:\/\/comopolis.be\/fr\/#organization","name":"Comopolis","url":"https:\/\/comopolis.be\/fr\/","logo":{"@type":"ImageObject","inLanguage":"fr-FR","@id":"https:\/\/comopolis.be\/fr\/#\/schema\/logo\/image\/","url":"https:\/\/comopolis.be\/wp-content\/uploads\/2025\/01\/logo-bird.png","contentUrl":"https:\/\/comopolis.be\/wp-content\/uploads\/2025\/01\/logo-bird.png","width":1241,"height":1028,"caption":"Comopolis"},"image":{"@id":"https:\/\/comopolis.be\/fr\/#\/schema\/logo\/image\/"},"sameAs":["https:\/\/www.facebook.com\/comopolis.be\/","https:\/\/www.instagram.com\/comopolis\/","https:\/\/www.linkedin.com\/company\/comopolis\/"]}]}},"_links":{"self":[{"href":"https:\/\/comopolis.be\/fr\/wp-json\/wp\/v2\/pages\/4610","targetHints":{"allow":["GET"]}}],"collection":[{"href":"https:\/\/comopolis.be\/fr\/wp-json\/wp\/v2\/pages"}],"about":[{"href":"https:\/\/comopolis.be\/fr\/wp-json\/wp\/v2\/types\/page"}],"author":[{"embeddable":true,"href":"https:\/\/comopolis.be\/fr\/wp-json\/wp\/v2\/users\/1"}],"replies":[{"embeddable":true,"href":"https:\/\/comopolis.be\/fr\/wp-json\/wp\/v2\/comments?post=4610"}],"version-history":[{"count":11,"href":"https:\/\/comopolis.be\/fr\/wp-json\/wp\/v2\/pages\/4610\/revisions"}],"predecessor-version":[{"id":5240,"href":"https:\/\/comopolis.be\/fr\/wp-json\/wp\/v2\/pages\/4610\/revisions\/5240"}],"wp:attachment":[{"href":"https:\/\/comopolis.be\/fr\/wp-json\/wp\/v2\/media?parent=4610"}],"curies":[{"name":"wp","href":"https:\/\/api.w.org\/{rel}","templated":true}]}}