{"id":4005,"date":"2025-04-09T08:54:22","date_gmt":"2025-04-09T06:54:22","guid":{"rendered":"https:\/\/comopolis.be\/?page_id=4005"},"modified":"2026-01-27T21:55:14","modified_gmt":"2026-01-27T20:55:14","slug":"10-ans-de-como","status":"publish","type":"page","link":"https:\/\/comopolis.be\/fr\/10-ans-de-como\/","title":{"rendered":"10 ans de COMO"},"content":{"rendered":"<div class=\"wpb-content-wrapper\"><p>[vc_row content_placement=\u00a0\u00bbtop\u00a0\u00bb][vc_column width=\u00a0\u00bb1\/4&Prime; offset=\u00a0\u00bbvc_col-lg-offset-1&Prime;][vc_video link=\u00a0\u00bbhttps:\/\/vimeo.com\/1073826581\/ce7f62788c\u00a0\u00bb el_aspect=\u00a0\u00bb916&Prime; align=\u00a0\u00bbcenter\u00a0\u00bb css=\u00a0\u00bb\u00a0\u00bb][\/vc_column][vc_column width=\u00a0\u00bb1\/2&Prime;][vc_column_text css=\u00a0\u00bb\u00a0\u00bb]<\/p>\n<h1>10 ans de COMO<\/h1>\n<h2><span style=\"color: #00aecd;\">Innovation, croissance et partenariats durables dans le secteur de l\u2019assurance<\/span><\/h2>\n<p>\u00c0 l\u2019occasion de ses 10 ans, COMO c\u00e9l\u00e8bre une d\u00e9cennie marqu\u00e9e par une croissance solide, une digitalisation audacieuse et des collaborations fructueuses. Cette c\u00e9l\u00e9bration, pr\u00e9sent\u00e9e de mani\u00e8re innovante via hologramme, refl\u00e8te parfaitement la vision d\u2019avenir de COMO : num\u00e9rique, humaine et ambitieuse.<\/p>\n<p>En dix ans, COMO s\u2019est impos\u00e9e comme le sp\u00e9cialiste de l\u2019assurance d\u00e9c\u00e8s, gr\u00e2ce \u00e0 des solutions innovantes, adapt\u00e9es aux besoins r\u00e9els des clients. L\u2019int\u00e9gration de technologies telles que l\u2019IA et la robotique \u2013 avec notamment Mr. COMO \u2013 illustre l\u2019engagement de COMO en faveur de l\u2019efficacit\u00e9 et de la personnalisation.<\/p>\n<p>Avec des partenariats strat\u00e9giques, comme celui avec FUNEBRA, et un nouvel environnement digital centr\u00e9 sur le client, COMO continue de renforcer sa visibilit\u00e9 et son accessibilit\u00e9. Les ambitions internationales sont claires : lancement au Luxembourg en 2025, suivi d\u2019une entr\u00e9e sur le march\u00e9 fran\u00e7ais d\u00e8s 2026.<\/p>\n<p>Toujours tourn\u00e9e vers l\u2019avenir, COMO place la durabilit\u00e9, l\u2019innovation continue et la dimension humaine au c\u0153ur de ses priorit\u00e9s.<\/p>\n<h4>COMO \u2013 10 ans d\u2019\u00e9volution, et ce n\u2019est que le d\u00e9but.<\/h4>\n<p>[\/vc_column_text][\/vc_column][\/vc_row][vc_row content_placement=\u00a0\u00bbtop\u00a0\u00bb][vc_column width=\u00a0\u00bb5\/12&Prime; offset=\u00a0\u00bbvc_col-lg-offset-2&Prime;][vc_column_text css=\u00a0\u00bb\u00a0\u00bb]<\/p>\n<h1>10 jaar COMO<\/h1>\n<h2><span style=\"color: #00aecd;\">Innovatie, groei en samenwerking in de verzekeringssector<\/span><\/h2>\n<p>Ter gelegenheid van het 10-jarig bestaan van COMO blikken we terug op een decennium van sterke groei, technologische innovatie en duurzame partnerships. Tijdens deze bijzondere viering \u2013 gepresenteerd via hologram \u2013 onderstreept COMO haar toekomstvisie: digitaal, mensgericht en ambitieus.<\/p>\n<p>COMO groeide in tien jaar uit tot d\u00e9 specialist in overlijdensverzekeringen, met innovatieve oplossingen die perfect inspelen op de noden van klanten. Door de integratie van technologie\u00ebn zoals AI en robotica (denk aan Mr. COMO), zet COMO volop in op effici\u00ebntie en gepersonaliseerde dienstverlening.<\/p>\n<p>Met strategische samenwerkingen \u2013 onder meer met FUNEBRA \u2013 en een vernieuwde online klantomgeving blijft COMO inzetten op gebruiksvriendelijkheid en bereikbaarheid. De internationale ambities zijn duidelijk: in 2025 start COMO in Luxemburg, met verdere uitbreiding naar Frankrijk vanaf 2026.<\/p>\n<p>COMO blijft bouwen aan de toekomst, steeds met respect voor duurzaamheid, menselijke interactie en klantgerichte innovatie.<\/p>\n<h4>COMO \u2013 10 jaar vooruitgang, en we zijn nog maar net begonnen.<\/h4>\n<p>[\/vc_column_text][\/vc_column][vc_column width=\u00a0\u00bb1\/3&Prime;][vc_single_image image=\u00a0\u00bb4714&Prime; img_size=\u00a0\u00bblarge\u00a0\u00bb alignment=\u00a0\u00bbright\u00a0\u00bb css_animation=\u00a0\u00bbslideInRight\u00a0\u00bb css=\u00a0\u00bb\u00a0\u00bb][vc_single_image image=\u00a0\u00bb4715&Prime; img_size=\u00a0\u00bblarge\u00a0\u00bb alignment=\u00a0\u00bbright\u00a0\u00bb css_animation=\u00a0\u00bbslideInUp\u00a0\u00bb css=\u00a0\u00bb\u00a0\u00bb][\/vc_column][\/vc_row]<\/p>\n<\/div>","protected":false},"excerpt":{"rendered":"<p>[vc_row content_placement=\u00a0\u00bbtop\u00a0\u00bb][vc_column width=\u00a0\u00bb1\/4&Prime; offset=\u00a0\u00bbvc_col-lg-offset-1&Prime;][vc_video link=\u00a0\u00bbhttps:\/\/vimeo.com\/1073826581\/ce7f62788c\u00a0\u00bb el_aspect=\u00a0\u00bb916&Prime; align=\u00a0\u00bbcenter\u00a0\u00bb css=\u00a0\u00bb\u00a0\u00bb][\/vc_column][vc_column width=\u00a0\u00bb1\/2&Prime;][vc_column_text css=\u00a0\u00bb\u00a0\u00bb] 10 ans de COMO Innovation, croissance et partenariats durables dans le secteur de l\u2019assurance \u00c0 l\u2019occasion de ses 10 ans, COMO c\u00e9l\u00e8bre une d\u00e9cennie marqu\u00e9e par une croissance solide, une digitalisation audacieuse et des collaborations fructueuses. Cette c\u00e9l\u00e9bration, pr\u00e9sent\u00e9e de mani\u00e8re innovante via hologramme, refl\u00e8te &hellip; <a href=\"https:\/\/comopolis.be\/fr\/10-ans-de-como\/\" class=\"more-link\">Continuer la lecture<span class=\"screen-reader-text\"> de &laquo;&nbsp;10 ans de COMO&nbsp;&raquo;<\/span><\/a><\/p>\n","protected":false},"author":1,"featured_media":0,"parent":0,"menu_order":0,"comment_status":"closed","ping_status":"closed","template":"","meta":{"_acf_changed":false,"footnotes":""},"class_list":["post-4005","page","type-page","status-publish","hentry"],"acf":[],"yoast_head":"<!-- This site is optimized with the Yoast SEO plugin v27.4 - https:\/\/yoast.com\/product\/yoast-seo-wordpress\/ -->\n<title>10 ans de COMO - Comopolis<\/title>\n<meta name=\"robots\" content=\"index, follow, max-snippet:-1, max-image-preview:large, max-video-preview:-1\" \/>\n<link rel=\"canonical\" href=\"https:\/\/comopolis.be\/fr\/10-ans-de-como\/\" \/>\n<meta property=\"og:locale\" content=\"fr_FR\" \/>\n<meta property=\"og:type\" content=\"article\" \/>\n<meta property=\"og:title\" content=\"10 ans de COMO - Comopolis\" \/>\n<meta property=\"og:description\" content=\"[vc_row content_placement=\u00a0\u00bbtop\u00a0\u00bb][vc_column width=\u00a0\u00bb1\/4&Prime; offset=\u00a0\u00bbvc_col-lg-offset-1&Prime;][vc_video link=\u00a0\u00bbhttps:\/\/vimeo.com\/1073826581\/ce7f62788c\u00a0\u00bb el_aspect=\u00a0\u00bb916&Prime; align=\u00a0\u00bbcenter\u00a0\u00bb css=\u00a0\u00bb\u00a0\u00bb][\/vc_column][vc_column width=\u00a0\u00bb1\/2&Prime;][vc_column_text css=\u00a0\u00bb\u00a0\u00bb] 10 ans de COMO Innovation, croissance et partenariats durables dans le secteur de l\u2019assurance \u00c0 l\u2019occasion de ses 10 ans, COMO c\u00e9l\u00e8bre une d\u00e9cennie marqu\u00e9e par une croissance solide, une digitalisation audacieuse et des collaborations fructueuses. Cette c\u00e9l\u00e9bration, pr\u00e9sent\u00e9e de mani\u00e8re innovante via hologramme, refl\u00e8te &hellip; Continuer la lecture de &laquo;&nbsp;10 ans de COMO&nbsp;&raquo;\" \/>\n<meta property=\"og:url\" content=\"https:\/\/comopolis.be\/fr\/10-ans-de-como\/\" \/>\n<meta property=\"og:site_name\" content=\"Comopolis\" \/>\n<meta property=\"article:publisher\" content=\"https:\/\/www.facebook.com\/comopolis.be\/\" \/>\n<meta property=\"article:modified_time\" content=\"2026-01-27T20:55:14+00:00\" \/>\n<meta name=\"twitter:card\" content=\"summary_large_image\" \/>\n<meta name=\"twitter:label1\" content=\"Dur\u00e9e de lecture estim\u00e9e\" \/>\n\t<meta name=\"twitter:data1\" content=\"3 minutes\" \/>\n<script type=\"application\/ld+json\" class=\"yoast-schema-graph\">{\"@context\":\"https:\\\/\\\/schema.org\",\"@graph\":[{\"@type\":\"WebPage\",\"@id\":\"https:\\\/\\\/comopolis.be\\\/fr\\\/10-ans-de-como\\\/\",\"url\":\"https:\\\/\\\/comopolis.be\\\/fr\\\/10-ans-de-como\\\/\",\"name\":\"10 ans de COMO - Comopolis\",\"isPartOf\":{\"@id\":\"https:\\\/\\\/comopolis.be\\\/fr\\\/#website\"},\"datePublished\":\"2025-04-09T06:54:22+00:00\",\"dateModified\":\"2026-01-27T20:55:14+00:00\",\"breadcrumb\":{\"@id\":\"https:\\\/\\\/comopolis.be\\\/fr\\\/10-ans-de-como\\\/#breadcrumb\"},\"inLanguage\":\"fr-FR\",\"potentialAction\":[{\"@type\":\"ReadAction\",\"target\":[\"https:\\\/\\\/comopolis.be\\\/fr\\\/10-ans-de-como\\\/\"]}]},{\"@type\":\"BreadcrumbList\",\"@id\":\"https:\\\/\\\/comopolis.be\\\/fr\\\/10-ans-de-como\\\/#breadcrumb\",\"itemListElement\":[{\"@type\":\"ListItem\",\"position\":1,\"name\":\"Home\",\"item\":\"https:\\\/\\\/comopolis.be\\\/fr\\\/\"},{\"@type\":\"ListItem\",\"position\":2,\"name\":\"10 ans de COMO\"}]},{\"@type\":\"WebSite\",\"@id\":\"https:\\\/\\\/comopolis.be\\\/fr\\\/#website\",\"url\":\"https:\\\/\\\/comopolis.be\\\/fr\\\/\",\"name\":\"Comopolis\",\"description\":\"\",\"publisher\":{\"@id\":\"https:\\\/\\\/comopolis.be\\\/fr\\\/#organization\"},\"potentialAction\":[{\"@type\":\"SearchAction\",\"target\":{\"@type\":\"EntryPoint\",\"urlTemplate\":\"https:\\\/\\\/comopolis.be\\\/fr\\\/?s={search_term_string}\"},\"query-input\":{\"@type\":\"PropertyValueSpecification\",\"valueRequired\":true,\"valueName\":\"search_term_string\"}}],\"inLanguage\":\"fr-FR\"},{\"@type\":\"Organization\",\"@id\":\"https:\\\/\\\/comopolis.be\\\/fr\\\/#organization\",\"name\":\"Comopolis\",\"url\":\"https:\\\/\\\/comopolis.be\\\/fr\\\/\",\"logo\":{\"@type\":\"ImageObject\",\"inLanguage\":\"fr-FR\",\"@id\":\"https:\\\/\\\/comopolis.be\\\/fr\\\/#\\\/schema\\\/logo\\\/image\\\/\",\"url\":\"https:\\\/\\\/comopolis.be\\\/wp-content\\\/uploads\\\/2025\\\/01\\\/logo-bird.png\",\"contentUrl\":\"https:\\\/\\\/comopolis.be\\\/wp-content\\\/uploads\\\/2025\\\/01\\\/logo-bird.png\",\"width\":1241,\"height\":1028,\"caption\":\"Comopolis\"},\"image\":{\"@id\":\"https:\\\/\\\/comopolis.be\\\/fr\\\/#\\\/schema\\\/logo\\\/image\\\/\"},\"sameAs\":[\"https:\\\/\\\/www.facebook.com\\\/comopolis.be\\\/\",\"https:\\\/\\\/www.instagram.com\\\/comopolis\\\/\",\"https:\\\/\\\/www.linkedin.com\\\/company\\\/comopolis\\\/\"]}]}<\/script>\n<!-- \/ Yoast SEO plugin. -->","yoast_head_json":{"title":"10 ans de COMO - Comopolis","robots":{"index":"index","follow":"follow","max-snippet":"max-snippet:-1","max-image-preview":"max-image-preview:large","max-video-preview":"max-video-preview:-1"},"canonical":"https:\/\/comopolis.be\/fr\/10-ans-de-como\/","og_locale":"fr_FR","og_type":"article","og_title":"10 ans de COMO - Comopolis","og_description":"[vc_row content_placement=\u00a0\u00bbtop\u00a0\u00bb][vc_column width=\u00a0\u00bb1\/4&Prime; offset=\u00a0\u00bbvc_col-lg-offset-1&Prime;][vc_video link=\u00a0\u00bbhttps:\/\/vimeo.com\/1073826581\/ce7f62788c\u00a0\u00bb el_aspect=\u00a0\u00bb916&Prime; align=\u00a0\u00bbcenter\u00a0\u00bb css=\u00a0\u00bb\u00a0\u00bb][\/vc_column][vc_column width=\u00a0\u00bb1\/2&Prime;][vc_column_text css=\u00a0\u00bb\u00a0\u00bb] 10 ans de COMO Innovation, croissance et partenariats durables dans le secteur de l\u2019assurance \u00c0 l\u2019occasion de ses 10 ans, COMO c\u00e9l\u00e8bre une d\u00e9cennie marqu\u00e9e par une croissance solide, une digitalisation audacieuse et des collaborations fructueuses. Cette c\u00e9l\u00e9bration, pr\u00e9sent\u00e9e de mani\u00e8re innovante via hologramme, refl\u00e8te &hellip; Continuer la lecture de &laquo;&nbsp;10 ans de COMO&nbsp;&raquo;","og_url":"https:\/\/comopolis.be\/fr\/10-ans-de-como\/","og_site_name":"Comopolis","article_publisher":"https:\/\/www.facebook.com\/comopolis.be\/","article_modified_time":"2026-01-27T20:55:14+00:00","twitter_card":"summary_large_image","twitter_misc":{"Dur\u00e9e de lecture estim\u00e9e":"3 minutes"},"schema":{"@context":"https:\/\/schema.org","@graph":[{"@type":"WebPage","@id":"https:\/\/comopolis.be\/fr\/10-ans-de-como\/","url":"https:\/\/comopolis.be\/fr\/10-ans-de-como\/","name":"10 ans de COMO - Comopolis","isPartOf":{"@id":"https:\/\/comopolis.be\/fr\/#website"},"datePublished":"2025-04-09T06:54:22+00:00","dateModified":"2026-01-27T20:55:14+00:00","breadcrumb":{"@id":"https:\/\/comopolis.be\/fr\/10-ans-de-como\/#breadcrumb"},"inLanguage":"fr-FR","potentialAction":[{"@type":"ReadAction","target":["https:\/\/comopolis.be\/fr\/10-ans-de-como\/"]}]},{"@type":"BreadcrumbList","@id":"https:\/\/comopolis.be\/fr\/10-ans-de-como\/#breadcrumb","itemListElement":[{"@type":"ListItem","position":1,"name":"Home","item":"https:\/\/comopolis.be\/fr\/"},{"@type":"ListItem","position":2,"name":"10 ans de COMO"}]},{"@type":"WebSite","@id":"https:\/\/comopolis.be\/fr\/#website","url":"https:\/\/comopolis.be\/fr\/","name":"Comopolis","description":"","publisher":{"@id":"https:\/\/comopolis.be\/fr\/#organization"},"potentialAction":[{"@type":"SearchAction","target":{"@type":"EntryPoint","urlTemplate":"https:\/\/comopolis.be\/fr\/?s={search_term_string}"},"query-input":{"@type":"PropertyValueSpecification","valueRequired":true,"valueName":"search_term_string"}}],"inLanguage":"fr-FR"},{"@type":"Organization","@id":"https:\/\/comopolis.be\/fr\/#organization","name":"Comopolis","url":"https:\/\/comopolis.be\/fr\/","logo":{"@type":"ImageObject","inLanguage":"fr-FR","@id":"https:\/\/comopolis.be\/fr\/#\/schema\/logo\/image\/","url":"https:\/\/comopolis.be\/wp-content\/uploads\/2025\/01\/logo-bird.png","contentUrl":"https:\/\/comopolis.be\/wp-content\/uploads\/2025\/01\/logo-bird.png","width":1241,"height":1028,"caption":"Comopolis"},"image":{"@id":"https:\/\/comopolis.be\/fr\/#\/schema\/logo\/image\/"},"sameAs":["https:\/\/www.facebook.com\/comopolis.be\/","https:\/\/www.instagram.com\/comopolis\/","https:\/\/www.linkedin.com\/company\/comopolis\/"]}]}},"_links":{"self":[{"href":"https:\/\/comopolis.be\/fr\/wp-json\/wp\/v2\/pages\/4005","targetHints":{"allow":["GET"]}}],"collection":[{"href":"https:\/\/comopolis.be\/fr\/wp-json\/wp\/v2\/pages"}],"about":[{"href":"https:\/\/comopolis.be\/fr\/wp-json\/wp\/v2\/types\/page"}],"author":[{"embeddable":true,"href":"https:\/\/comopolis.be\/fr\/wp-json\/wp\/v2\/users\/1"}],"replies":[{"embeddable":true,"href":"https:\/\/comopolis.be\/fr\/wp-json\/wp\/v2\/comments?post=4005"}],"version-history":[{"count":32,"href":"https:\/\/comopolis.be\/fr\/wp-json\/wp\/v2\/pages\/4005\/revisions"}],"predecessor-version":[{"id":4716,"href":"https:\/\/comopolis.be\/fr\/wp-json\/wp\/v2\/pages\/4005\/revisions\/4716"}],"wp:attachment":[{"href":"https:\/\/comopolis.be\/fr\/wp-json\/wp\/v2\/media?parent=4005"}],"curies":[{"name":"wp","href":"https:\/\/api.w.org\/{rel}","templated":true}]}}