{"id":3357,"date":"2024-12-09T09:03:23","date_gmt":"2024-12-09T08:03:23","guid":{"rendered":"https:\/\/comopolis.be\/a-propos-de-nous-2\/"},"modified":"2026-04-14T18:57:16","modified_gmt":"2026-04-14T16:57:16","slug":"a-propos-de-nous","status":"publish","type":"page","link":"https:\/\/comopolis.be\/fr\/a-propos-de-nous\/","title":{"rendered":"\u00c0 propos de nous"},"content":{"rendered":"<div class=\"wpb-content-wrapper\"><p>[vc_row][vc_column][vc_separator border_width=\u00a0\u00bb2&Prime; css=\u00a0\u00bb.vc_custom_1732949627587{margin-top: 30px !important;margin-bottom: 30px !important;}\u00a0\u00bb]<div id=\"ultib3-388196690869e1a225ad8cd\" class=\" ultb3-box ult-adjust-bottom-margin  \" style=\"background-color: #FFFFFF;\"><img decoding=\"async\" src=\"https:\/\/comopolis.be\/wp-content\/uploads\/2026\/01\/OVER-ONS.avif\" style=\"\" class=\"ultb3-img ultb3-img-center\" alt=\"Team dat aan het klinken is met een glaasje cava.\"\/><div id=\"Info-banner-wrap4263\" class=\"ultb3-info ib3-info-center\" data-animation=\"\" data-animation-delay=\"03\"><h1 class=\"ultb3-title ult-responsive\"  data-ultimate-target='#Info-banner-wrap4263 .ultb3-title'  data-responsive-json-new='{\"font-size\":\"\",\"line-height\":\"\"}'  style=\"font-weight:normal;color:#FFFFFF;\">\u00c0 propos de Comopolis<\/h1><div class=\"ultb3-desc ult-responsive\"  data-ultimate-target='#Info-banner-wrap4263 .ultb3-desc'  data-responsive-json-new='{\"font-size\":\"\",\"line-height\":\"\"}'  style=\"font-weight:normal;color:#FFFFFF;\">Pour les gens. Par les gens.<\/div><\/div><\/div><style>\n\t\t\t\t\t#ultib3-388196690869e1a225ad8cd {\n\t\t\t\t\t\tmin-height:400px;\n\t\t\t\t\t}\n\t\t\t\t\t#ultib3-388196690869e1a225ad8cd img.ultb3-img {\n\t\t\t\t\t\theight: px;\n\t\t\t\t\t}\n\t\t\t\t\t#ultib3-388196690869e1a225ad8cd .ultb3-btn {\n\t\t\t\t\t\tborder:2px solid #1e73be;border-radius:50px;color:#898989;\n\t\t\t\t\t}\n\t\t\t\t\t#ultib3-388196690869e1a225ad8cd .ultb3-btn:hover {\n\t\t\t\t\t\tbackground:#1e73be;color:#ffffff;\n\t\t\t\t\t}\n\t\t\t\t<\/style>[\/vc_column][\/vc_row][vc_row equal_height=\u00a0\u00bbyes\u00a0\u00bb bg_type=\u00a0\u00bbbg_color\u00a0\u00bb el_class=\u00a0\u00bbresp_box2&Prime;][vc_column css=\u00a0\u00bb.vc_custom_1738687399598{margin-bottom: 50px !important;background-color: #F9FAFB !important;border-color: #F9FAFB !important;}\u00a0\u00bb el_class=\u00a0\u00bbhbox_sec\u00a0\u00bb]<div id=\"ultimate-heading-30269e1a225ad930\" class=\"uvc-heading ult-adjust-bottom-margin ultimate-heading-30269e1a225ad930 uvc-4842 \" data-hspacer=\"no_spacer\"  data-halign=\"center\" style=\"text-align:center\"><div class=\"uvc-heading-spacer no_spacer\" style=\"top\"><\/div><div class=\"uvc-main-heading ult-responsive\"  data-ultimate-target='.uvc-heading.ultimate-heading-30269e1a225ad930 h2'  data-responsive-json-new='{\"font-size\":\"\",\"line-height\":\"\"}' ><h2 style=\"font-weight:normal;color:#00AECD;\">Qui sommes-nous ?<\/h2><\/div><div class=\"uvc-sub-heading ult-responsive\"  data-ultimate-target='.uvc-heading.ultimate-heading-30269e1a225ad930 .uvc-sub-heading '  data-responsive-json-new='{\"font-size\":\"\",\"line-height\":\"\"}'  style=\"font-weight:normal;\"><\/p>\n<p style=\"text-align: center;\">Comopolis n\u2019est pas un acteur de l\u2019assurance comme les autres.<br \/>\nNous sommes avant tout une \u00e9quipe de personnes, anim\u00e9e chaque jour par une conviction simple : la s\u00e9curit\u00e9 doit \u00eatre claire, honn\u00eate et accessible.<\/p>\n<p style=\"text-align: center;\">Depuis plus de 10 ans, nous accompagnons des familles, des salari\u00e9s et des ind\u00e9pendants dans des choix qui comptent vraiment pour leur avenir.<\/p>\n<p style=\"text-align: center;\">Pas de jargon compliqu\u00e9 ni de petites lignes anxiog\u00e8nes \u2014 mais des solutions compr\u00e9hensibles et un accompagnement personnalis\u00e9.<\/p>\n<p style=\"text-align: center;\">Parce que derri\u00e8re chaque demande, il y a une personne. Et c\u2019est l\u00e0 que tout commence pour nous.<\/p>\n<p><\/div><\/div>[\/vc_column][\/vc_row][vc_row][vc_column width=\u00a0\u00bb1\/2&Prime;][vc_column_text css=\u00a0\u00bb\u00a0\u00bb el_class=\u00a0\u00bbcomn_title\u00a0\u00bb]<\/p>\n<h1 style=\"text-align: center;\"><b>Notre mission<\/b><\/h1>\n<p style=\"text-align: center;\">Aider chacun \u00e0 avancer avec s\u00e9r\u00e9nit\u00e9. Pas en proposant de tout assurer, mais en prenant le temps de comprendre ce qui est r\u00e9ellement important.<\/p>\n<p style=\"text-align: center;\">Nous sommes convaincus que la tranquillit\u00e9 d\u2019esprit na\u00eet lorsque :<\/p>\n<ul>\n<li style=\"text-align: center;\">vous \u00eates bien prot\u00e9g\u00e9<\/li>\n<li style=\"text-align: center;\">vous comprenez les choix que vous faites<\/li>\n<li style=\"text-align: center;\">et vous savez que quelqu\u2019un est l\u00e0 pour vous accompagner si n\u00e9cessaire<\/li>\n<\/ul>\n<p>[\/vc_column_text][\/vc_column][vc_column width=\u00a0\u00bb1\/2&Prime;][vc_column_text css=\u00a0\u00bb\u00a0\u00bb]<\/p>\n<h1 style=\"text-align: center;\"><b>Notre vision<\/b><\/h1>\n<p style=\"text-align: center;\">Le monde de l\u2019assurance peut \u00eatre plus humain, plus transparent.<\/p>\n<p style=\"text-align: center;\">Chez Comopolis, nous \u0153uvrons chaque jour pour une approche diff\u00e9rente :<\/p>\n<ul style=\"text-align: center;\">\n<li>un conseil qui part de votre r\u00e9alit\u00e9, pas des produits<\/li>\n<li>une relation bas\u00e9e sur la confiance, pas sur la vente<\/li>\n<li>un accompagnement qui s\u2019inscrit dans la dur\u00e9e<\/li>\n<\/ul>\n<p style=\"text-align: center;\">Nous voulons devenir le partenaire auquel vous pensez naturellement lorsque vous cherchez de la s\u00e9curit\u00e9 \u2014 non pas par obligation, mais parce que cela a du sens.<\/p>\n<p>[\/vc_column_text][\/vc_column][\/vc_row][vc_row bg_type=\u00a0\u00bbbg_color\u00a0\u00bb][vc_column][vc_separator border_width=\u00a0\u00bb2&Prime; css=\u00a0\u00bb.vc_custom_1732949627587{margin-top: 30px !important;margin-bottom: 30px !important;}\u00a0\u00bb][vc_column_text css=\u00a0\u00bb\u00a0\u00bb]<\/p>\n<h1 style=\"text-align: center;\"><b>Ce qui nous guide<\/b><\/h1>\n<p style=\"text-align: center;\"><b>Proximit\u00e9<\/b><\/p>\n<p style=\"text-align: center;\">Nous commen\u00e7ons toujours par \u00e9couter. Le conseil vient ensuite.<\/p>\n<p style=\"text-align: center;\"><b>Transparence<\/b><\/p>\n<p style=\"text-align: center;\">Vous savez toujours o\u00f9 vous en \u00eates. Pas de mauvaises surprises.<\/p>\n<p style=\"text-align: center;\"><b>Clart\u00e9<\/b><\/p>\n<p style=\"text-align: center;\">Nous rendons les choses complexes simples \u00e0 comprendre.<\/p>\n<p style=\"text-align: center;\"><b>Engagement<\/b><\/p>\n<p style=\"text-align: center;\">Nous sommes pr\u00e9sents d\u00e8s le d\u00e9but, et surtout quand cela compte vraiment.<\/p>\n<p>[\/vc_column_text][vc_separator border_width=\u00a0\u00bb2&Prime; css=\u00a0\u00bb.vc_custom_1732949627587{margin-top: 30px !important;margin-bottom: 30px !important;}\u00a0\u00bb][vc_column_text css=\u00a0\u00bb\u00a0\u00bb]<\/p>\n<h1 style=\"text-align: center;\"><b>Plus de 10 ans de confiance<\/b><\/h1>\n<p style=\"text-align: center;\">Depuis plus de 10 ans, nous construisons des relations durables avec nos clients.<br \/>\nPas en \u00e9tant les plus visibles, mais en restant fid\u00e8les \u00e0 nos engagements.<\/p>\n<p style=\"text-align: center;\">Beaucoup nous font confiance depuis des ann\u00e9es \u2014 et c\u2019est pour nous la plus belle reconnaissance.<\/p>\n<p>[\/vc_column_text][vc_column_text css=\u00a0\u00bb\u00a0\u00bb]<\/p>\n<h1 style=\"text-align: center;\"><b>Que pouvons-nous faire pour vous ?<\/b><\/h1>\n<p style=\"text-align: center;\">Que ce soit pour vous prot\u00e9ger, prot\u00e9ger votre famille ou pr\u00e9parer votre avenir, nous sommes l\u00e0 pour vous accompagner.<\/p>\n<p style=\"text-align: center;\">D\u00e9couvrez des solutions pens\u00e9es pour s\u2019adapter r\u00e9ellement \u00e0 votre situation.<\/p>\n<p>[\/vc_column_text][vc_column_text css=\u00a0\u00bb\u00a0\u00bb]<\/p>\n<h3><a href=\"https:\/\/comopolis.be\/fr\/assurance-maladie-complementaire\/\"><b>Assurance maladie compl\u00e9mentaire<\/b><\/a><\/h3>\n<p><a href=\"https:\/\/comopolis.be\/fr\/garantie-maladies-graves\/\">Garantie maladies graves<\/a> (Vital Care &amp; DKV)<\/p>\n<p><a href=\"https:\/\/comopolis.be\/fr\/assurance-hospitalisation\/\">Assurance hospitalisation<\/a> (DKV)<\/p>\n<p><a href=\"https:\/\/comopolis.be\/fr\/assurance-dentaire\/\">Assurance dentaire<\/a> (DKV)<\/p>\n<p><a href=\"https:\/\/comopolis.be\/fr\/assurance-soins-ambulatoires\/\">Assurance soins ambulatoires<\/a> (DKV)<\/p>\n<h3><a href=\"https:\/\/comopolis.be\/fr\/epargne-pension\/\"><b>\u00c9pargne-pension<\/b><\/a><\/h3>\n<h3><a href=\"https:\/\/comopolis.be\/fr\/assurance-deces\/\"><b>Assurance d\u00e9c\u00e8s<\/b><\/a><\/h3>\n<p>[\/vc_column_text][vc_separator css=\u00a0\u00bb\u00a0\u00bb][\/vc_column][\/vc_row][vc_row][vc_column][vc_column_text css=\u00a0\u00bb\u00a0\u00bb]<\/p>\n<h1 style=\"text-align: center;\"><b>Envie de faire connaissance ?<\/b><\/h1>\n<p style=\"text-align: center;\">Chez nous, le premier \u00e9change est toujours sans engagement.<br \/>\nPas de pression, pas de discours commercial \u2014 simplement une discussion ouverte.<\/p>\n<p>[\/vc_column_text][vc_btn title=\u00a0\u00bbPosez votre question\u00a0\u00bb style=\u00a0\u00bb3d\u00a0\u00bb color=\u00a0\u00bbsky\u00a0\u00bb size=\u00a0\u00bblg\u00a0\u00bb align=\u00a0\u00bbcenter\u00a0\u00bb css=\u00a0\u00bb\u00a0\u00bb link=\u00a0\u00bburl:https%3A%2F%2Fcomopolis.be%2Ffr%2Fcontact%2F|title:Assurances\u00a0\u00bb][vc_column_text css=\u00a0\u00bb\u00a0\u00bb]<\/p>\n<h2 style=\"text-align: center;\"><b>Envie de nous rejoindre ?<\/b><\/h2>\n<p style=\"text-align: center;\">Peut-\u00eatre \u00eates-vous ici non seulement pour chercher des solutions, mais aussi parce que vous vous reconnaissez dans notre mani\u00e8re de travailler. Chez Comopolis, nous sommes toujours ouverts \u00e0 rencontrer des personnes qui souhaitent avoir un impact positif.<\/p>\n<p style=\"text-align: center;\">Des personnes qui partagent notre vision : une approche plus humaine, plus proche, plus authentique.<\/p>\n<p style=\"text-align: center;\">Si c\u2019est votre cas, nous serions ravis de faire votre connaissance.<\/p>\n<p>[\/vc_column_text][vc_btn title=\u00a0\u00bbTravailler chez Comopolis\u00a0\u00bb style=\u00a0\u00bb3d\u00a0\u00bb color=\u00a0\u00bbsky\u00a0\u00bb size=\u00a0\u00bblg\u00a0\u00bb align=\u00a0\u00bbcenter\u00a0\u00bb css=\u00a0\u00bb\u00a0\u00bb link=\u00a0\u00bburl:https%3A%2F%2Fcomopolis.be%2Ftravailler-chez-como%2F\u00a0\u00bb][\/vc_column][\/vc_row][vc_row][vc_column][vc_separator border_width=\u00a0\u00bb2&Prime; css=\u00a0\u00bb.vc_custom_1732949627587{margin-top: 30px !important;margin-bottom: 30px !important;}\u00a0\u00bb][vc_column_text css=\u00a0\u00bb\u00a0\u00bb el_class=\u00a0\u00bbcomn_title\u00a0\u00bb]<\/p>\n<h2 style=\"text-align: center;\">Retrouvez-nous sur les r\u00e9seaux sociaux<\/h2>\n<p>[\/vc_column_text][\/vc_column][\/vc_row][vc_row css=\u00a0\u00bb.vc_custom_1732958814927{margin-bottom: 50px !important;}\u00a0\u00bb][vc_column el_class=\u00a0\u00bbSocial_Section\u00a0\u00bb][vc_icon icon_fontawesome=\u00a0\u00bbfab fa-instagram\u00a0\u00bb color=\u00a0\u00bbwhite\u00a0\u00bb background_style=\u00a0\u00bbrounded-less\u00a0\u00bb background_color=\u00a0\u00bbpeacoc\u00a0\u00bb css=\u00a0\u00bb.vc_custom_1733920258680{margin-right: 10px !important;}\u00a0\u00bb link=\u00a0\u00bburl:https%3A%2F%2Fwww.instagram.com%2Fcomopolis%2F|target:_blank\u00a0\u00bb][vc_icon icon_fontawesome=\u00a0\u00bbfab fa-linkedin-in\u00a0\u00bb color=\u00a0\u00bbwhite\u00a0\u00bb background_style=\u00a0\u00bbrounded-less\u00a0\u00bb background_color=\u00a0\u00bbpeacoc\u00a0\u00bb css=\u00a0\u00bb\u00a0\u00bb link=\u00a0\u00bburl:https%3A%2F%2Fwww.linkedin.com%2Fcompany%2Fcomopolis%2F|target:_blank\u00a0\u00bb][vc_icon icon_fontawesome=\u00a0\u00bbfab fa-facebook-f\u00a0\u00bb color=\u00a0\u00bbwhite\u00a0\u00bb background_style=\u00a0\u00bbrounded-less\u00a0\u00bb background_color=\u00a0\u00bbpeacoc\u00a0\u00bb css=\u00a0\u00bb\u00a0\u00bb link=\u00a0\u00bburl:https%3A%2F%2Fwww.facebook.com%2Fcomopolis.be|target:_blank\u00a0\u00bb][\/vc_column][\/vc_row]<\/p>\n<\/div>","protected":false},"excerpt":{"rendered":"<p>[vc_row][vc_column][vc_separator border_width=\u00a0\u00bb2&Prime; css=\u00a0\u00bb.vc_custom_1732949627587{margin-top: 30px !important;margin-bottom: 30px !important;}\u00a0\u00bb][\/vc_column][\/vc_row][vc_row equal_height=\u00a0\u00bbyes\u00a0\u00bb bg_type=\u00a0\u00bbbg_color\u00a0\u00bb el_class=\u00a0\u00bbresp_box2&Prime;][vc_column css=\u00a0\u00bb.vc_custom_1738687399598{margin-bottom: 50px !important;background-color: #F9FAFB !important;border-color: #F9FAFB !important;}\u00a0\u00bb el_class=\u00a0\u00bbhbox_sec\u00a0\u00bb][\/vc_column][\/vc_row][vc_row][vc_column width=\u00a0\u00bb1\/2&Prime;][vc_column_text css=\u00a0\u00bb\u00a0\u00bb el_class=\u00a0\u00bbcomn_title\u00a0\u00bb] Notre mission Aider chacun \u00e0 avancer avec s\u00e9r\u00e9nit\u00e9. Pas en proposant de tout assurer, mais en prenant le temps de comprendre ce qui est r\u00e9ellement important. Nous sommes convaincus que la tranquillit\u00e9 d\u2019esprit na\u00eet &hellip; <a href=\"https:\/\/comopolis.be\/fr\/a-propos-de-nous\/\" class=\"more-link\">Continuer la lecture<span class=\"screen-reader-text\"> de &laquo;&nbsp;\u00c0 propos de nous&nbsp;&raquo;<\/span><\/a><\/p>\n","protected":false},"author":1,"featured_media":0,"parent":0,"menu_order":0,"comment_status":"closed","ping_status":"closed","template":"templates\/page-inner.php","meta":{"_acf_changed":false,"footnotes":""},"class_list":["post-3357","page","type-page","status-publish","hentry"],"acf":[],"yoast_head":"<!-- This site is optimized with the Yoast SEO plugin v27.4 - https:\/\/yoast.com\/product\/yoast-seo-wordpress\/ -->\n<title>\u00c0 propos de Comopolis | Pour vous, avec vous<\/title>\n<meta name=\"description\" content=\"D\u00e9couvrez l\u2019histoire de Comopolis. Depuis plus de 10 ans, nous accompagnons les personnes avec des solutions claires et humaines.\" \/>\n<meta name=\"robots\" content=\"index, follow, max-snippet:-1, max-image-preview:large, max-video-preview:-1\" \/>\n<link rel=\"canonical\" href=\"https:\/\/comopolis.be\/fr\/a-propos-de-nous\/\" \/>\n<meta property=\"og:locale\" content=\"fr_FR\" \/>\n<meta property=\"og:type\" content=\"article\" \/>\n<meta property=\"og:title\" content=\"\u00c0 propos de Comopolis | Pour vous, avec vous\" \/>\n<meta property=\"og:description\" content=\"D\u00e9couvrez l\u2019histoire de Comopolis. Depuis plus de 10 ans, nous accompagnons les personnes avec des solutions claires et humaines.\" \/>\n<meta property=\"og:url\" content=\"https:\/\/comopolis.be\/fr\/a-propos-de-nous\/\" \/>\n<meta property=\"og:site_name\" content=\"Comopolis\" \/>\n<meta property=\"article:publisher\" content=\"https:\/\/www.facebook.com\/comopolis.be\/\" \/>\n<meta property=\"article:modified_time\" content=\"2026-04-14T16:57:16+00:00\" \/>\n<meta name=\"twitter:card\" content=\"summary_large_image\" \/>\n<meta name=\"twitter:label1\" content=\"Dur\u00e9e de lecture estim\u00e9e\" \/>\n\t<meta name=\"twitter:data1\" content=\"4 minutes\" \/>\n<script type=\"application\/ld+json\" class=\"yoast-schema-graph\">{\"@context\":\"https:\\\/\\\/schema.org\",\"@graph\":[{\"@type\":\"WebPage\",\"@id\":\"https:\\\/\\\/comopolis.be\\\/fr\\\/a-propos-de-nous\\\/\",\"url\":\"https:\\\/\\\/comopolis.be\\\/fr\\\/a-propos-de-nous\\\/\",\"name\":\"\u00c0 propos de Comopolis | Pour vous, avec vous\",\"isPartOf\":{\"@id\":\"https:\\\/\\\/comopolis.be\\\/fr\\\/#website\"},\"datePublished\":\"2024-12-09T08:03:23+00:00\",\"dateModified\":\"2026-04-14T16:57:16+00:00\",\"description\":\"D\u00e9couvrez l\u2019histoire de Comopolis. Depuis plus de 10 ans, nous accompagnons les personnes avec des solutions claires et humaines.\",\"breadcrumb\":{\"@id\":\"https:\\\/\\\/comopolis.be\\\/fr\\\/a-propos-de-nous\\\/#breadcrumb\"},\"inLanguage\":\"fr-FR\",\"potentialAction\":[{\"@type\":\"ReadAction\",\"target\":[\"https:\\\/\\\/comopolis.be\\\/fr\\\/a-propos-de-nous\\\/\"]}]},{\"@type\":\"BreadcrumbList\",\"@id\":\"https:\\\/\\\/comopolis.be\\\/fr\\\/a-propos-de-nous\\\/#breadcrumb\",\"itemListElement\":[{\"@type\":\"ListItem\",\"position\":1,\"name\":\"Home\",\"item\":\"https:\\\/\\\/comopolis.be\\\/fr\\\/\"},{\"@type\":\"ListItem\",\"position\":2,\"name\":\"\u00c0 propos de nous\"}]},{\"@type\":\"WebSite\",\"@id\":\"https:\\\/\\\/comopolis.be\\\/fr\\\/#website\",\"url\":\"https:\\\/\\\/comopolis.be\\\/fr\\\/\",\"name\":\"Comopolis\",\"description\":\"\",\"publisher\":{\"@id\":\"https:\\\/\\\/comopolis.be\\\/fr\\\/#organization\"},\"potentialAction\":[{\"@type\":\"SearchAction\",\"target\":{\"@type\":\"EntryPoint\",\"urlTemplate\":\"https:\\\/\\\/comopolis.be\\\/fr\\\/?s={search_term_string}\"},\"query-input\":{\"@type\":\"PropertyValueSpecification\",\"valueRequired\":true,\"valueName\":\"search_term_string\"}}],\"inLanguage\":\"fr-FR\"},{\"@type\":\"Organization\",\"@id\":\"https:\\\/\\\/comopolis.be\\\/fr\\\/#organization\",\"name\":\"Comopolis\",\"url\":\"https:\\\/\\\/comopolis.be\\\/fr\\\/\",\"logo\":{\"@type\":\"ImageObject\",\"inLanguage\":\"fr-FR\",\"@id\":\"https:\\\/\\\/comopolis.be\\\/fr\\\/#\\\/schema\\\/logo\\\/image\\\/\",\"url\":\"https:\\\/\\\/comopolis.be\\\/wp-content\\\/uploads\\\/2025\\\/01\\\/logo-bird.png\",\"contentUrl\":\"https:\\\/\\\/comopolis.be\\\/wp-content\\\/uploads\\\/2025\\\/01\\\/logo-bird.png\",\"width\":1241,\"height\":1028,\"caption\":\"Comopolis\"},\"image\":{\"@id\":\"https:\\\/\\\/comopolis.be\\\/fr\\\/#\\\/schema\\\/logo\\\/image\\\/\"},\"sameAs\":[\"https:\\\/\\\/www.facebook.com\\\/comopolis.be\\\/\",\"https:\\\/\\\/www.instagram.com\\\/comopolis\\\/\",\"https:\\\/\\\/www.linkedin.com\\\/company\\\/comopolis\\\/\"]}]}<\/script>\n<!-- \/ Yoast SEO plugin. -->","yoast_head_json":{"title":"\u00c0 propos de Comopolis | Pour vous, avec vous","description":"D\u00e9couvrez l\u2019histoire de Comopolis. Depuis plus de 10 ans, nous accompagnons les personnes avec des solutions claires et humaines.","robots":{"index":"index","follow":"follow","max-snippet":"max-snippet:-1","max-image-preview":"max-image-preview:large","max-video-preview":"max-video-preview:-1"},"canonical":"https:\/\/comopolis.be\/fr\/a-propos-de-nous\/","og_locale":"fr_FR","og_type":"article","og_title":"\u00c0 propos de Comopolis | Pour vous, avec vous","og_description":"D\u00e9couvrez l\u2019histoire de Comopolis. Depuis plus de 10 ans, nous accompagnons les personnes avec des solutions claires et humaines.","og_url":"https:\/\/comopolis.be\/fr\/a-propos-de-nous\/","og_site_name":"Comopolis","article_publisher":"https:\/\/www.facebook.com\/comopolis.be\/","article_modified_time":"2026-04-14T16:57:16+00:00","twitter_card":"summary_large_image","twitter_misc":{"Dur\u00e9e de lecture estim\u00e9e":"4 minutes"},"schema":{"@context":"https:\/\/schema.org","@graph":[{"@type":"WebPage","@id":"https:\/\/comopolis.be\/fr\/a-propos-de-nous\/","url":"https:\/\/comopolis.be\/fr\/a-propos-de-nous\/","name":"\u00c0 propos de Comopolis | Pour vous, avec vous","isPartOf":{"@id":"https:\/\/comopolis.be\/fr\/#website"},"datePublished":"2024-12-09T08:03:23+00:00","dateModified":"2026-04-14T16:57:16+00:00","description":"D\u00e9couvrez l\u2019histoire de Comopolis. Depuis plus de 10 ans, nous accompagnons les personnes avec des solutions claires et humaines.","breadcrumb":{"@id":"https:\/\/comopolis.be\/fr\/a-propos-de-nous\/#breadcrumb"},"inLanguage":"fr-FR","potentialAction":[{"@type":"ReadAction","target":["https:\/\/comopolis.be\/fr\/a-propos-de-nous\/"]}]},{"@type":"BreadcrumbList","@id":"https:\/\/comopolis.be\/fr\/a-propos-de-nous\/#breadcrumb","itemListElement":[{"@type":"ListItem","position":1,"name":"Home","item":"https:\/\/comopolis.be\/fr\/"},{"@type":"ListItem","position":2,"name":"\u00c0 propos de nous"}]},{"@type":"WebSite","@id":"https:\/\/comopolis.be\/fr\/#website","url":"https:\/\/comopolis.be\/fr\/","name":"Comopolis","description":"","publisher":{"@id":"https:\/\/comopolis.be\/fr\/#organization"},"potentialAction":[{"@type":"SearchAction","target":{"@type":"EntryPoint","urlTemplate":"https:\/\/comopolis.be\/fr\/?s={search_term_string}"},"query-input":{"@type":"PropertyValueSpecification","valueRequired":true,"valueName":"search_term_string"}}],"inLanguage":"fr-FR"},{"@type":"Organization","@id":"https:\/\/comopolis.be\/fr\/#organization","name":"Comopolis","url":"https:\/\/comopolis.be\/fr\/","logo":{"@type":"ImageObject","inLanguage":"fr-FR","@id":"https:\/\/comopolis.be\/fr\/#\/schema\/logo\/image\/","url":"https:\/\/comopolis.be\/wp-content\/uploads\/2025\/01\/logo-bird.png","contentUrl":"https:\/\/comopolis.be\/wp-content\/uploads\/2025\/01\/logo-bird.png","width":1241,"height":1028,"caption":"Comopolis"},"image":{"@id":"https:\/\/comopolis.be\/fr\/#\/schema\/logo\/image\/"},"sameAs":["https:\/\/www.facebook.com\/comopolis.be\/","https:\/\/www.instagram.com\/comopolis\/","https:\/\/www.linkedin.com\/company\/comopolis\/"]}]}},"_links":{"self":[{"href":"https:\/\/comopolis.be\/fr\/wp-json\/wp\/v2\/pages\/3357","targetHints":{"allow":["GET"]}}],"collection":[{"href":"https:\/\/comopolis.be\/fr\/wp-json\/wp\/v2\/pages"}],"about":[{"href":"https:\/\/comopolis.be\/fr\/wp-json\/wp\/v2\/types\/page"}],"author":[{"embeddable":true,"href":"https:\/\/comopolis.be\/fr\/wp-json\/wp\/v2\/users\/1"}],"replies":[{"embeddable":true,"href":"https:\/\/comopolis.be\/fr\/wp-json\/wp\/v2\/comments?post=3357"}],"version-history":[{"count":37,"href":"https:\/\/comopolis.be\/fr\/wp-json\/wp\/v2\/pages\/3357\/revisions"}],"predecessor-version":[{"id":5333,"href":"https:\/\/comopolis.be\/fr\/wp-json\/wp\/v2\/pages\/3357\/revisions\/5333"}],"wp:attachment":[{"href":"https:\/\/comopolis.be\/fr\/wp-json\/wp\/v2\/media?parent=3357"}],"curies":[{"name":"wp","href":"https:\/\/api.w.org\/{rel}","templated":true}]}}