{"id":2970,"date":"2023-08-09T10:30:04","date_gmt":"2023-08-09T08:30:04","guid":{"rendered":"https:\/\/comopolis.be\/lutte-contre-le-blanchiment-dargent\/"},"modified":"2026-01-23T10:15:49","modified_gmt":"2026-01-23T09:15:49","slug":"lutte-contre-le-blanchiment-dargent","status":"publish","type":"page","link":"https:\/\/comopolis.be\/fr\/lutte-contre-le-blanchiment-dargent\/","title":{"rendered":"Lutte contre le blanchiment d\u2019argent"},"content":{"rendered":"<div class=\"wpb-content-wrapper\"><p>[vc_section][vc_row][vc_column][vc_column_text css=\u00a0\u00bb\u00a0\u00bb]<\/p>\n<h1 style=\"text-align: center;\"><span style=\"color: #00aecd;\">Lutte contre le blanchiment d\u2019argent<\/span><\/h1>\n<p>[\/vc_column_text][\/vc_column][\/vc_row][vc_row el_class=\u00a0\u00bbcontainer\u00a0\u00bb][vc_column][vc_column_text]COMOPOLIS et ses collaborateurs ne pr\u00eateront jamais leur concours au contournement des r\u00e9glementations, lois, obligations fiscales ou autres d\u00e9coulant de lois ou de r\u00e8glements. COMOPOLIS et ses collaborateurs ne proposeront pas de produits qui facilitent ces abus.<\/p>\n<p>Le blanchiment de capitaux et le financement du terrorisme sont des d\u00e9lits. La loi oblige le COMOPOLIS \u00e0 prohiber ces pratiques, qu\u2019il r\u00e9prouve totalement d\u2019un point de vue \u00e9thique.[\/vc_column_text][\/vc_column][\/vc_row][\/vc_section]<\/p>\n<\/div>","protected":false},"excerpt":{"rendered":"<p>[vc_section][vc_row][vc_column][vc_column_text css=\u00a0\u00bb\u00a0\u00bb] Lutte contre le blanchiment d\u2019argent [\/vc_column_text][\/vc_column][\/vc_row][vc_row el_class=\u00a0\u00bbcontainer\u00a0\u00bb][vc_column][vc_column_text]COMOPOLIS et ses collaborateurs ne pr\u00eateront jamais leur concours au contournement des r\u00e9glementations, lois, obligations fiscales ou autres d\u00e9coulant de lois ou de r\u00e8glements. COMOPOLIS et ses collaborateurs ne proposeront pas de produits qui facilitent ces abus. Le blanchiment de capitaux et le financement du terrorisme sont &hellip; <a href=\"https:\/\/comopolis.be\/fr\/lutte-contre-le-blanchiment-dargent\/\" class=\"more-link\">Continuer la lecture<span class=\"screen-reader-text\"> de &laquo;&nbsp;Lutte contre le blanchiment d\u2019argent&nbsp;&raquo;<\/span><\/a><\/p>\n","protected":false},"author":1,"featured_media":0,"parent":0,"menu_order":0,"comment_status":"closed","ping_status":"closed","template":"","meta":{"_acf_changed":false,"footnotes":""},"class_list":["post-2970","page","type-page","status-publish","hentry"],"acf":[],"yoast_head":"<!-- This site is optimized with the Yoast SEO plugin v27.4 - https:\/\/yoast.com\/product\/yoast-seo-wordpress\/ -->\n<title>Lutte contre le blanchiment d\u2019argent - Comopolis<\/title>\n<meta name=\"robots\" content=\"index, follow, max-snippet:-1, max-image-preview:large, max-video-preview:-1\" \/>\n<link rel=\"canonical\" href=\"https:\/\/comopolis.be\/fr\/lutte-contre-le-blanchiment-dargent\/\" \/>\n<meta property=\"og:locale\" content=\"fr_FR\" \/>\n<meta property=\"og:type\" content=\"article\" \/>\n<meta property=\"og:title\" content=\"Lutte contre le blanchiment d\u2019argent - Comopolis\" \/>\n<meta property=\"og:description\" content=\"[vc_section][vc_row][vc_column][vc_column_text css=\u00a0\u00bb\u00a0\u00bb] Lutte contre le blanchiment d\u2019argent [\/vc_column_text][\/vc_column][\/vc_row][vc_row el_class=\u00a0\u00bbcontainer\u00a0\u00bb][vc_column][vc_column_text]COMOPOLIS et ses collaborateurs ne pr\u00eateront jamais leur concours au contournement des r\u00e9glementations, lois, obligations fiscales ou autres d\u00e9coulant de lois ou de r\u00e8glements. COMOPOLIS et ses collaborateurs ne proposeront pas de produits qui facilitent ces abus. Le blanchiment de capitaux et le financement du terrorisme sont &hellip; Continuer la lecture de &laquo;&nbsp;Lutte contre le blanchiment d\u2019argent&nbsp;&raquo;\" \/>\n<meta property=\"og:url\" content=\"https:\/\/comopolis.be\/fr\/lutte-contre-le-blanchiment-dargent\/\" \/>\n<meta property=\"og:site_name\" content=\"Comopolis\" \/>\n<meta property=\"article:publisher\" content=\"https:\/\/www.facebook.com\/comopolis.be\/\" \/>\n<meta property=\"article:modified_time\" content=\"2026-01-23T09:15:49+00:00\" \/>\n<meta name=\"twitter:card\" content=\"summary_large_image\" \/>\n<meta name=\"twitter:label1\" content=\"Dur\u00e9e de lecture estim\u00e9e\" \/>\n\t<meta name=\"twitter:data1\" content=\"1 minute\" \/>\n<script type=\"application\/ld+json\" class=\"yoast-schema-graph\">{\"@context\":\"https:\\\/\\\/schema.org\",\"@graph\":[{\"@type\":\"WebPage\",\"@id\":\"https:\\\/\\\/comopolis.be\\\/fr\\\/lutte-contre-le-blanchiment-dargent\\\/\",\"url\":\"https:\\\/\\\/comopolis.be\\\/fr\\\/lutte-contre-le-blanchiment-dargent\\\/\",\"name\":\"Lutte contre le blanchiment d\u2019argent - Comopolis\",\"isPartOf\":{\"@id\":\"https:\\\/\\\/comopolis.be\\\/fr\\\/#website\"},\"datePublished\":\"2023-08-09T08:30:04+00:00\",\"dateModified\":\"2026-01-23T09:15:49+00:00\",\"breadcrumb\":{\"@id\":\"https:\\\/\\\/comopolis.be\\\/fr\\\/lutte-contre-le-blanchiment-dargent\\\/#breadcrumb\"},\"inLanguage\":\"fr-FR\",\"potentialAction\":[{\"@type\":\"ReadAction\",\"target\":[\"https:\\\/\\\/comopolis.be\\\/fr\\\/lutte-contre-le-blanchiment-dargent\\\/\"]}]},{\"@type\":\"BreadcrumbList\",\"@id\":\"https:\\\/\\\/comopolis.be\\\/fr\\\/lutte-contre-le-blanchiment-dargent\\\/#breadcrumb\",\"itemListElement\":[{\"@type\":\"ListItem\",\"position\":1,\"name\":\"Home\",\"item\":\"https:\\\/\\\/comopolis.be\\\/fr\\\/\"},{\"@type\":\"ListItem\",\"position\":2,\"name\":\"Lutte contre le blanchiment d\u2019argent\"}]},{\"@type\":\"WebSite\",\"@id\":\"https:\\\/\\\/comopolis.be\\\/fr\\\/#website\",\"url\":\"https:\\\/\\\/comopolis.be\\\/fr\\\/\",\"name\":\"Comopolis\",\"description\":\"\",\"publisher\":{\"@id\":\"https:\\\/\\\/comopolis.be\\\/fr\\\/#organization\"},\"potentialAction\":[{\"@type\":\"SearchAction\",\"target\":{\"@type\":\"EntryPoint\",\"urlTemplate\":\"https:\\\/\\\/comopolis.be\\\/fr\\\/?s={search_term_string}\"},\"query-input\":{\"@type\":\"PropertyValueSpecification\",\"valueRequired\":true,\"valueName\":\"search_term_string\"}}],\"inLanguage\":\"fr-FR\"},{\"@type\":\"Organization\",\"@id\":\"https:\\\/\\\/comopolis.be\\\/fr\\\/#organization\",\"name\":\"Comopolis\",\"url\":\"https:\\\/\\\/comopolis.be\\\/fr\\\/\",\"logo\":{\"@type\":\"ImageObject\",\"inLanguage\":\"fr-FR\",\"@id\":\"https:\\\/\\\/comopolis.be\\\/fr\\\/#\\\/schema\\\/logo\\\/image\\\/\",\"url\":\"https:\\\/\\\/comopolis.be\\\/wp-content\\\/uploads\\\/2025\\\/01\\\/logo-bird.png\",\"contentUrl\":\"https:\\\/\\\/comopolis.be\\\/wp-content\\\/uploads\\\/2025\\\/01\\\/logo-bird.png\",\"width\":1241,\"height\":1028,\"caption\":\"Comopolis\"},\"image\":{\"@id\":\"https:\\\/\\\/comopolis.be\\\/fr\\\/#\\\/schema\\\/logo\\\/image\\\/\"},\"sameAs\":[\"https:\\\/\\\/www.facebook.com\\\/comopolis.be\\\/\",\"https:\\\/\\\/www.instagram.com\\\/comopolis\\\/\",\"https:\\\/\\\/www.linkedin.com\\\/company\\\/comopolis\\\/\"]}]}<\/script>\n<!-- \/ Yoast SEO plugin. -->","yoast_head_json":{"title":"Lutte contre le blanchiment d\u2019argent - Comopolis","robots":{"index":"index","follow":"follow","max-snippet":"max-snippet:-1","max-image-preview":"max-image-preview:large","max-video-preview":"max-video-preview:-1"},"canonical":"https:\/\/comopolis.be\/fr\/lutte-contre-le-blanchiment-dargent\/","og_locale":"fr_FR","og_type":"article","og_title":"Lutte contre le blanchiment d\u2019argent - Comopolis","og_description":"[vc_section][vc_row][vc_column][vc_column_text css=\u00a0\u00bb\u00a0\u00bb] Lutte contre le blanchiment d\u2019argent [\/vc_column_text][\/vc_column][\/vc_row][vc_row el_class=\u00a0\u00bbcontainer\u00a0\u00bb][vc_column][vc_column_text]COMOPOLIS et ses collaborateurs ne pr\u00eateront jamais leur concours au contournement des r\u00e9glementations, lois, obligations fiscales ou autres d\u00e9coulant de lois ou de r\u00e8glements. COMOPOLIS et ses collaborateurs ne proposeront pas de produits qui facilitent ces abus. Le blanchiment de capitaux et le financement du terrorisme sont &hellip; Continuer la lecture de &laquo;&nbsp;Lutte contre le blanchiment d\u2019argent&nbsp;&raquo;","og_url":"https:\/\/comopolis.be\/fr\/lutte-contre-le-blanchiment-dargent\/","og_site_name":"Comopolis","article_publisher":"https:\/\/www.facebook.com\/comopolis.be\/","article_modified_time":"2026-01-23T09:15:49+00:00","twitter_card":"summary_large_image","twitter_misc":{"Dur\u00e9e de lecture estim\u00e9e":"1 minute"},"schema":{"@context":"https:\/\/schema.org","@graph":[{"@type":"WebPage","@id":"https:\/\/comopolis.be\/fr\/lutte-contre-le-blanchiment-dargent\/","url":"https:\/\/comopolis.be\/fr\/lutte-contre-le-blanchiment-dargent\/","name":"Lutte contre le blanchiment d\u2019argent - Comopolis","isPartOf":{"@id":"https:\/\/comopolis.be\/fr\/#website"},"datePublished":"2023-08-09T08:30:04+00:00","dateModified":"2026-01-23T09:15:49+00:00","breadcrumb":{"@id":"https:\/\/comopolis.be\/fr\/lutte-contre-le-blanchiment-dargent\/#breadcrumb"},"inLanguage":"fr-FR","potentialAction":[{"@type":"ReadAction","target":["https:\/\/comopolis.be\/fr\/lutte-contre-le-blanchiment-dargent\/"]}]},{"@type":"BreadcrumbList","@id":"https:\/\/comopolis.be\/fr\/lutte-contre-le-blanchiment-dargent\/#breadcrumb","itemListElement":[{"@type":"ListItem","position":1,"name":"Home","item":"https:\/\/comopolis.be\/fr\/"},{"@type":"ListItem","position":2,"name":"Lutte contre le blanchiment d\u2019argent"}]},{"@type":"WebSite","@id":"https:\/\/comopolis.be\/fr\/#website","url":"https:\/\/comopolis.be\/fr\/","name":"Comopolis","description":"","publisher":{"@id":"https:\/\/comopolis.be\/fr\/#organization"},"potentialAction":[{"@type":"SearchAction","target":{"@type":"EntryPoint","urlTemplate":"https:\/\/comopolis.be\/fr\/?s={search_term_string}"},"query-input":{"@type":"PropertyValueSpecification","valueRequired":true,"valueName":"search_term_string"}}],"inLanguage":"fr-FR"},{"@type":"Organization","@id":"https:\/\/comopolis.be\/fr\/#organization","name":"Comopolis","url":"https:\/\/comopolis.be\/fr\/","logo":{"@type":"ImageObject","inLanguage":"fr-FR","@id":"https:\/\/comopolis.be\/fr\/#\/schema\/logo\/image\/","url":"https:\/\/comopolis.be\/wp-content\/uploads\/2025\/01\/logo-bird.png","contentUrl":"https:\/\/comopolis.be\/wp-content\/uploads\/2025\/01\/logo-bird.png","width":1241,"height":1028,"caption":"Comopolis"},"image":{"@id":"https:\/\/comopolis.be\/fr\/#\/schema\/logo\/image\/"},"sameAs":["https:\/\/www.facebook.com\/comopolis.be\/","https:\/\/www.instagram.com\/comopolis\/","https:\/\/www.linkedin.com\/company\/comopolis\/"]}]}},"_links":{"self":[{"href":"https:\/\/comopolis.be\/fr\/wp-json\/wp\/v2\/pages\/2970","targetHints":{"allow":["GET"]}}],"collection":[{"href":"https:\/\/comopolis.be\/fr\/wp-json\/wp\/v2\/pages"}],"about":[{"href":"https:\/\/comopolis.be\/fr\/wp-json\/wp\/v2\/types\/page"}],"author":[{"embeddable":true,"href":"https:\/\/comopolis.be\/fr\/wp-json\/wp\/v2\/users\/1"}],"replies":[{"embeddable":true,"href":"https:\/\/comopolis.be\/fr\/wp-json\/wp\/v2\/comments?post=2970"}],"version-history":[{"count":3,"href":"https:\/\/comopolis.be\/fr\/wp-json\/wp\/v2\/pages\/2970\/revisions"}],"predecessor-version":[{"id":4654,"href":"https:\/\/comopolis.be\/fr\/wp-json\/wp\/v2\/pages\/2970\/revisions\/4654"}],"wp:attachment":[{"href":"https:\/\/comopolis.be\/fr\/wp-json\/wp\/v2\/media?parent=2970"}],"curies":[{"name":"wp","href":"https:\/\/api.w.org\/{rel}","templated":true}]}}