{"id":1797,"date":"2021-06-25T16:19:59","date_gmt":"2021-06-25T14:19:59","guid":{"rendered":"https:\/\/comopolis.be\/mijn-pensioen\/"},"modified":"2026-02-06T14:52:53","modified_gmt":"2026-02-06T13:52:53","slug":"ma-pension","status":"publish","type":"page","link":"https:\/\/comopolis.be\/fr\/ma-pension\/","title":{"rendered":"Ma pension"},"content":{"rendered":"<div class=\"wpb-content-wrapper\"><p>[vc_section][vc_row el_class=\u00a0\u00bbcontainer\u00a0\u00bb][vc_column width=\u00a0\u00bb2\/3&Prime;][vc_column_text css=\u00a0\u00bb\u00a0\u00bb]<\/p>\n<h1><strong>Obtenir des explications d\u00e9taill\u00e9es sur les possibilit\u00e9s qui s&rsquo;offrent \u00e0 moi \u00e0 ma pension ?<\/strong><\/h1>\n<p>Mieux comprendre la pension l\u00e9gale et compl\u00e9mentaire, constituer des r\u00e9serves additionnelles via une \u00e9pargne pension ou une \u00e9pargne long terme, \u2026 Un bureau d&rsquo;assurances exp\u00e9riment\u00e9 se charge de votre plan de pension dans les moindres d\u00e9tails.<\/p>\n<p><strong>\u00c0 quel \u00e2ge puis-je prendre ma pension<\/strong> ? <strong>\u00c0 combien s&rsquo;\u00e9l\u00e8ve ma pension <\/strong><strong>? Lorsque votre carri\u00e8re professionnelle touche \u00e0 sa fin, vous aimeriez savoir ce qui vous attend sur le plan financier. Comopolis analyse vos besoins avec vous et vous offre des conseils d&rsquo;expert en mati\u00e8re d&rsquo;<\/strong><strong>\u00e9pargne pension<\/strong><strong>.<\/strong>[\/vc_column_text][\/vc_column][vc_column width=\u00a0\u00bb1\/3&Prime;][vc_single_image image=\u00a0\u00bb1685&Prime; img_size=\u00a0\u00bbfull\u00a0\u00bb css=\u00a0\u00bb\u00a0\u00bb][\/vc_column][\/vc_row][vc_row el_class=\u00a0\u00bbcontainer\u00a0\u00bb][vc_column][vc_column_text css=\u00a0\u00bb\u00a0\u00bb]<\/p>\n<h2>Tout savoir sur ma pension<\/h2>\n<p>Chaque parcours professionnel est unique, il en va de m\u00eame pour chaque r\u00e9gime de pension. Savez-vous \u00e0 quoi ressemblera votre assiette fiscale apr\u00e8s 65 ans ? Le portail des pensions en ligne <a href=\"https:\/\/www.mypension.be\/fr\">Mypension<\/a> vous permet d&rsquo;acc\u00e9der en quelques clics \u00e0 votre dossier de pension en ligne. Vous vous connectez avec une carte d&rsquo;identit\u00e9 \u00e9lectronique (avec le code PIN et le lecteur de carte) ou simplement via l&rsquo;application itsme. Cela permet \u00e0 tout travailleur salari\u00e9, ind\u00e9pendant ou fonctionnaire de prendre connaissance de sa premi\u00e8re date de d\u00e9part \u00e0 la pension possible ainsi que de sa pension l\u00e9gale et compl\u00e9mentaire.[\/vc_column_text][\/vc_column][\/vc_row][vc_row el_class=\u00a0\u00bbcontainer\u00a0\u00bb][vc_column width=\u00a0\u00bb1\/3&Prime;][vc_single_image image=\u00a0\u00bb1688&Prime; img_size=\u00a0\u00bbfull\u00a0\u00bb css=\u00a0\u00bb\u00a0\u00bb][\/vc_column][vc_column width=\u00a0\u00bb2\/3&Prime;][vc_column_text css=\u00a0\u00bb\u00a0\u00bb]<\/p>\n<h2><strong>La pension, il vaut mieux y penser trop t\u00f4t que trop tard !<\/strong><\/h2>\n<p>\u00ab Je viens de commencer \u00e0 travailler, est-ce que je dois d\u00e9j\u00e0 penser \u00e0 ma pension ? \u00bb Absolument ! Soyez malin en anticipant vos besoins futurs. Tant ceux qui ont d\u00e9j\u00e0 quelques ann\u00e9es \u00e0 leur actif que ceux qui d\u00e9marrent dans la vie professionnelle. La pensions l\u00e9gale \u00e9quivaut \u00e0 seulement \u00e0 60 % du dernier revenu per\u00e7u. Une pension compl\u00e9mentaire vous permet de conserver un niveau de vie confortable, m\u00eame apr\u00e8s avoir arr\u00eat\u00e9 de travailler.<\/p>\n<h2><strong>\u00c9pargne pension avec Comopolis<\/strong><\/h2>\n<p>\u00ab Comment puis-je faire pour que ma pension soit assez \u00e9lev\u00e9e pour maintenir mon train de vie ? \u00bb Pour \u00e9viter tous soucis p\u00e9cuniaires, il est pr\u00e9f\u00e9rable de prendre les pr\u00e9cautions n\u00e9cessaires en temps utiles. Commencez d\u00e8s aujourd&rsquo;hui une \u00e9pargne pension ou une \u00e9pargne long terme et compl\u00e9tez votre pension l\u00e9gale dans la mesure de vos possibilit\u00e9s.<\/p>\n<p><em>Un soutien sur mesure ? Constituer une r\u00e9serve d&rsquo;argent et b\u00e9n\u00e9ficiez d&rsquo;une r\u00e9duction d&rsquo;imp\u00f4t ? Comopolis \u00e9labore un plan de pension conforme \u00e0 vos souhaits. \u00c0 l&rsquo;\u00e9coute, ouverts et to the point. D\u00e9couvrez nos formules !<\/em>[\/vc_column_text][vc_column_text]<\/p>\n<ul>\n<li><strong><a href=\"https:\/\/comopolis.be\/epargne-long-terme\/?lang=fr\">\u00c9pargne long terme<\/a> |<\/strong> Gr\u00e2ce au Save Plan de Comopolis (\u00e9pargne long terme avec une assurance branche 21 et 23), vous profitez d&rsquo;un avantage fiscal allant de 25 \u00e0 30 %.<\/li>\n<\/ul>\n<p>[\/vc_column_text][vc_column_text]<\/p>\n<ul>\n<li><strong><a href=\"https:\/\/comopolis.be\/epargne-pension\/?lang=fr\">\u00c9pargne pension<\/a> | <\/strong>Comopolis accompagne les travailleurs salari\u00e9s et les ind\u00e9pendants dans l&rsquo;\u00e9laboration d&rsquo;un plan d&rsquo;\u00e9pargne pension sur mesure. Vos attentes et votre situation personnelle ? Nos priorit\u00e9s, toujours.<\/li>\n<\/ul>\n<p>[\/vc_column_text][\/vc_column][\/vc_row][\/vc_section][vc_section el_class=\u00a0\u00bbpage-form\u00a0\u00bb][vc_row el_class=\u00a0\u00bbcontainer\u00a0\u00bb][vc_column][vc_row_inner el_class=\u00a0\u00bbsection-heading\u00a0\u00bb][vc_column_inner]<div id=\"ultimate-heading-1569f556a075db4\" class=\"uvc-heading ult-adjust-bottom-margin ultimate-heading-1569f556a075db4 uvc-7008 \" data-hspacer=\"no_spacer\"  data-halign=\"center\" style=\"text-align:center\"><div class=\"uvc-heading-spacer no_spacer\" style=\"top\"><\/div><div class=\"uvc-main-heading ult-responsive\"  data-ultimate-target='.uvc-heading.ultimate-heading-1569f556a075db4 h2'  data-responsive-json-new='{\"font-size\":\"\",\"line-height\":\"\"}' ><h2 style=\"font-weight:normal;\">Comment puis-je me pr\u00e9parer au<br \/>\nmieux pour ma pension ?<\/h2><\/div><\/div><div id=\"ultimate-heading-747069f556a075dfa\" class=\"uvc-heading ult-adjust-bottom-margin ultimate-heading-747069f556a075dfa uvc-5073 sub-heading\" data-hspacer=\"no_spacer\"  data-halign=\"center\" style=\"text-align:center\"><div class=\"uvc-heading-spacer no_spacer\" style=\"top\"><\/div><div class=\"uvc-main-heading ult-responsive\"  data-ultimate-target='.uvc-heading.ultimate-heading-747069f556a075dfa p'  data-responsive-json-new='{\"font-size\":\"\",\"line-height\":\"\"}' ><p style=\"font-weight:normal;margin-bottom:10px;\">Personne ne sait ce que l'avenir nous r\u00e9serve. Les pr\u00e9cautions financi\u00e8res ad\u00e9quates garantissent la s\u00e9r\u00e9nit\u00e9 \u00e0 long terme.<\/p><\/div><\/div><div id=\"ultimate-heading-88069f556a075e29\" class=\"uvc-heading ult-adjust-bottom-margin ultimate-heading-88069f556a075e29 uvc-964 sub-heading\" data-hspacer=\"no_spacer\"  data-halign=\"center\" style=\"text-align:center\"><div class=\"uvc-heading-spacer no_spacer\" style=\"top\"><\/div><div class=\"uvc-main-heading ult-responsive\"  data-ultimate-target='.uvc-heading.ultimate-heading-88069f556a075e29 p'  data-responsive-json-new='{\"font-size\":\"\",\"line-height\":\"\"}' ><p style=\"font-weight:normal;\">Faites appel \u00e0 l'un de nos experts pour d\u00e9couvrir nos produits d'assurance.<\/p><\/div><\/div>[\/vc_column_inner][\/vc_row_inner][\/vc_column][\/vc_row][\/vc_section]<\/p>\n<\/div>","protected":false},"excerpt":{"rendered":"<p>[vc_section][vc_row el_class=\u00a0\u00bbcontainer\u00a0\u00bb][vc_column width=\u00a0\u00bb2\/3&Prime;][vc_column_text css=\u00a0\u00bb\u00a0\u00bb] Obtenir des explications d\u00e9taill\u00e9es sur les possibilit\u00e9s qui s&rsquo;offrent \u00e0 moi \u00e0 ma pension ? Mieux comprendre la pension l\u00e9gale et compl\u00e9mentaire, constituer des r\u00e9serves additionnelles via une \u00e9pargne pension ou une \u00e9pargne long terme, \u2026 Un bureau d&rsquo;assurances exp\u00e9riment\u00e9 se charge de votre plan de pension dans les moindres d\u00e9tails. &hellip; <a href=\"https:\/\/comopolis.be\/fr\/ma-pension\/\" class=\"more-link\">Continuer la lecture<span class=\"screen-reader-text\"> de &laquo;&nbsp;Ma pension&nbsp;&raquo;<\/span><\/a><\/p>\n","protected":false},"author":1,"featured_media":0,"parent":0,"menu_order":0,"comment_status":"closed","ping_status":"closed","template":"","meta":{"_acf_changed":false,"footnotes":""},"class_list":["post-1797","page","type-page","status-publish","hentry"],"acf":[],"yoast_head":"<!-- This site is optimized with the Yoast SEO plugin v27.5 - https:\/\/yoast.com\/product\/yoast-seo-wordpress\/ -->\n<title>Ma pension? Over het wettelijk en aanvullend pensioen - Comopolis<\/title>\n<meta name=\"description\" content=\"\u00c0 combien s&#039;\u00e9l\u00e8ve ma pension ? \u00c0 quel \u00e2ge puis-je prendre ma pension ? Comopolis vous offre des conseils personnalis\u00e9s sur l&#039;\u00e9pargne pension.\" \/>\n<meta name=\"robots\" content=\"index, follow, max-snippet:-1, max-image-preview:large, max-video-preview:-1\" \/>\n<link rel=\"canonical\" href=\"https:\/\/comopolis.be\/fr\/ma-pension\/\" \/>\n<meta property=\"og:locale\" content=\"fr_FR\" \/>\n<meta property=\"og:type\" content=\"article\" \/>\n<meta property=\"og:title\" content=\"Ma pension? Over het wettelijk en aanvullend pensioen - Comopolis\" \/>\n<meta property=\"og:description\" content=\"\u00c0 combien s&#039;\u00e9l\u00e8ve ma pension ? \u00c0 quel \u00e2ge puis-je prendre ma pension ? Comopolis vous offre des conseils personnalis\u00e9s sur l&#039;\u00e9pargne pension.\" \/>\n<meta property=\"og:url\" content=\"https:\/\/comopolis.be\/fr\/ma-pension\/\" \/>\n<meta property=\"og:site_name\" content=\"Comopolis\" \/>\n<meta property=\"article:publisher\" content=\"https:\/\/www.facebook.com\/comopolis.be\/\" \/>\n<meta property=\"article:modified_time\" content=\"2026-02-06T13:52:53+00:00\" \/>\n<meta name=\"twitter:card\" content=\"summary_large_image\" \/>\n<meta name=\"twitter:label1\" content=\"Dur\u00e9e de lecture estim\u00e9e\" \/>\n\t<meta name=\"twitter:data1\" content=\"3 minutes\" \/>\n<script type=\"application\/ld+json\" class=\"yoast-schema-graph\">{\"@context\":\"https:\\\/\\\/schema.org\",\"@graph\":[{\"@type\":\"WebPage\",\"@id\":\"https:\\\/\\\/comopolis.be\\\/fr\\\/ma-pension\\\/\",\"url\":\"https:\\\/\\\/comopolis.be\\\/fr\\\/ma-pension\\\/\",\"name\":\"Ma pension? Over het wettelijk en aanvullend pensioen - Comopolis\",\"isPartOf\":{\"@id\":\"https:\\\/\\\/comopolis.be\\\/fr\\\/#website\"},\"datePublished\":\"2021-06-25T14:19:59+00:00\",\"dateModified\":\"2026-02-06T13:52:53+00:00\",\"description\":\"\u00c0 combien s'\u00e9l\u00e8ve ma pension ? \u00c0 quel \u00e2ge puis-je prendre ma pension ? Comopolis vous offre des conseils personnalis\u00e9s sur l'\u00e9pargne pension.\",\"breadcrumb\":{\"@id\":\"https:\\\/\\\/comopolis.be\\\/fr\\\/ma-pension\\\/#breadcrumb\"},\"inLanguage\":\"fr-FR\",\"potentialAction\":[{\"@type\":\"ReadAction\",\"target\":[\"https:\\\/\\\/comopolis.be\\\/fr\\\/ma-pension\\\/\"]}]},{\"@type\":\"BreadcrumbList\",\"@id\":\"https:\\\/\\\/comopolis.be\\\/fr\\\/ma-pension\\\/#breadcrumb\",\"itemListElement\":[{\"@type\":\"ListItem\",\"position\":1,\"name\":\"Home\",\"item\":\"https:\\\/\\\/comopolis.be\\\/fr\\\/\"},{\"@type\":\"ListItem\",\"position\":2,\"name\":\"Ma pension\"}]},{\"@type\":\"WebSite\",\"@id\":\"https:\\\/\\\/comopolis.be\\\/fr\\\/#website\",\"url\":\"https:\\\/\\\/comopolis.be\\\/fr\\\/\",\"name\":\"Comopolis\",\"description\":\"\",\"publisher\":{\"@id\":\"https:\\\/\\\/comopolis.be\\\/fr\\\/#organization\"},\"potentialAction\":[{\"@type\":\"SearchAction\",\"target\":{\"@type\":\"EntryPoint\",\"urlTemplate\":\"https:\\\/\\\/comopolis.be\\\/fr\\\/?s={search_term_string}\"},\"query-input\":{\"@type\":\"PropertyValueSpecification\",\"valueRequired\":true,\"valueName\":\"search_term_string\"}}],\"inLanguage\":\"fr-FR\"},{\"@type\":\"Organization\",\"@id\":\"https:\\\/\\\/comopolis.be\\\/fr\\\/#organization\",\"name\":\"Comopolis\",\"url\":\"https:\\\/\\\/comopolis.be\\\/fr\\\/\",\"logo\":{\"@type\":\"ImageObject\",\"inLanguage\":\"fr-FR\",\"@id\":\"https:\\\/\\\/comopolis.be\\\/fr\\\/#\\\/schema\\\/logo\\\/image\\\/\",\"url\":\"https:\\\/\\\/comopolis.be\\\/wp-content\\\/uploads\\\/2025\\\/01\\\/logo-bird.png\",\"contentUrl\":\"https:\\\/\\\/comopolis.be\\\/wp-content\\\/uploads\\\/2025\\\/01\\\/logo-bird.png\",\"width\":1241,\"height\":1028,\"caption\":\"Comopolis\"},\"image\":{\"@id\":\"https:\\\/\\\/comopolis.be\\\/fr\\\/#\\\/schema\\\/logo\\\/image\\\/\"},\"sameAs\":[\"https:\\\/\\\/www.facebook.com\\\/comopolis.be\\\/\",\"https:\\\/\\\/www.instagram.com\\\/comopolis\\\/\",\"https:\\\/\\\/www.linkedin.com\\\/company\\\/comopolis\\\/\"]}]}<\/script>\n<!-- \/ Yoast SEO plugin. -->","yoast_head_json":{"title":"Ma pension? Over het wettelijk en aanvullend pensioen - Comopolis","description":"\u00c0 combien s'\u00e9l\u00e8ve ma pension ? \u00c0 quel \u00e2ge puis-je prendre ma pension ? Comopolis vous offre des conseils personnalis\u00e9s sur l'\u00e9pargne pension.","robots":{"index":"index","follow":"follow","max-snippet":"max-snippet:-1","max-image-preview":"max-image-preview:large","max-video-preview":"max-video-preview:-1"},"canonical":"https:\/\/comopolis.be\/fr\/ma-pension\/","og_locale":"fr_FR","og_type":"article","og_title":"Ma pension? Over het wettelijk en aanvullend pensioen - Comopolis","og_description":"\u00c0 combien s'\u00e9l\u00e8ve ma pension ? \u00c0 quel \u00e2ge puis-je prendre ma pension ? Comopolis vous offre des conseils personnalis\u00e9s sur l'\u00e9pargne pension.","og_url":"https:\/\/comopolis.be\/fr\/ma-pension\/","og_site_name":"Comopolis","article_publisher":"https:\/\/www.facebook.com\/comopolis.be\/","article_modified_time":"2026-02-06T13:52:53+00:00","twitter_card":"summary_large_image","twitter_misc":{"Dur\u00e9e de lecture estim\u00e9e":"3 minutes"},"schema":{"@context":"https:\/\/schema.org","@graph":[{"@type":"WebPage","@id":"https:\/\/comopolis.be\/fr\/ma-pension\/","url":"https:\/\/comopolis.be\/fr\/ma-pension\/","name":"Ma pension? Over het wettelijk en aanvullend pensioen - Comopolis","isPartOf":{"@id":"https:\/\/comopolis.be\/fr\/#website"},"datePublished":"2021-06-25T14:19:59+00:00","dateModified":"2026-02-06T13:52:53+00:00","description":"\u00c0 combien s'\u00e9l\u00e8ve ma pension ? \u00c0 quel \u00e2ge puis-je prendre ma pension ? Comopolis vous offre des conseils personnalis\u00e9s sur l'\u00e9pargne pension.","breadcrumb":{"@id":"https:\/\/comopolis.be\/fr\/ma-pension\/#breadcrumb"},"inLanguage":"fr-FR","potentialAction":[{"@type":"ReadAction","target":["https:\/\/comopolis.be\/fr\/ma-pension\/"]}]},{"@type":"BreadcrumbList","@id":"https:\/\/comopolis.be\/fr\/ma-pension\/#breadcrumb","itemListElement":[{"@type":"ListItem","position":1,"name":"Home","item":"https:\/\/comopolis.be\/fr\/"},{"@type":"ListItem","position":2,"name":"Ma pension"}]},{"@type":"WebSite","@id":"https:\/\/comopolis.be\/fr\/#website","url":"https:\/\/comopolis.be\/fr\/","name":"Comopolis","description":"","publisher":{"@id":"https:\/\/comopolis.be\/fr\/#organization"},"potentialAction":[{"@type":"SearchAction","target":{"@type":"EntryPoint","urlTemplate":"https:\/\/comopolis.be\/fr\/?s={search_term_string}"},"query-input":{"@type":"PropertyValueSpecification","valueRequired":true,"valueName":"search_term_string"}}],"inLanguage":"fr-FR"},{"@type":"Organization","@id":"https:\/\/comopolis.be\/fr\/#organization","name":"Comopolis","url":"https:\/\/comopolis.be\/fr\/","logo":{"@type":"ImageObject","inLanguage":"fr-FR","@id":"https:\/\/comopolis.be\/fr\/#\/schema\/logo\/image\/","url":"https:\/\/comopolis.be\/wp-content\/uploads\/2025\/01\/logo-bird.png","contentUrl":"https:\/\/comopolis.be\/wp-content\/uploads\/2025\/01\/logo-bird.png","width":1241,"height":1028,"caption":"Comopolis"},"image":{"@id":"https:\/\/comopolis.be\/fr\/#\/schema\/logo\/image\/"},"sameAs":["https:\/\/www.facebook.com\/comopolis.be\/","https:\/\/www.instagram.com\/comopolis\/","https:\/\/www.linkedin.com\/company\/comopolis\/"]}]}},"_links":{"self":[{"href":"https:\/\/comopolis.be\/fr\/wp-json\/wp\/v2\/pages\/1797","targetHints":{"allow":["GET"]}}],"collection":[{"href":"https:\/\/comopolis.be\/fr\/wp-json\/wp\/v2\/pages"}],"about":[{"href":"https:\/\/comopolis.be\/fr\/wp-json\/wp\/v2\/types\/page"}],"author":[{"embeddable":true,"href":"https:\/\/comopolis.be\/fr\/wp-json\/wp\/v2\/users\/1"}],"replies":[{"embeddable":true,"href":"https:\/\/comopolis.be\/fr\/wp-json\/wp\/v2\/comments?post=1797"}],"version-history":[{"count":10,"href":"https:\/\/comopolis.be\/fr\/wp-json\/wp\/v2\/pages\/1797\/revisions"}],"predecessor-version":[{"id":4865,"href":"https:\/\/comopolis.be\/fr\/wp-json\/wp\/v2\/pages\/1797\/revisions\/4865"}],"wp:attachment":[{"href":"https:\/\/comopolis.be\/fr\/wp-json\/wp\/v2\/media?parent=1797"}],"curies":[{"name":"wp","href":"https:\/\/api.w.org\/{rel}","templated":true}]}}